{"id":1375,"date":"2020-02-11T07:58:33","date_gmt":"2020-02-11T07:58:33","guid":{"rendered":"https:\/\/moval-srl.it\/perche-scegliere-moval\/"},"modified":"2020-06-17T20:17:56","modified_gmt":"2020-06-17T20:17:56","slug":"warum-moval-waehlen","status":"publish","type":"page","link":"https:\/\/moval-srl.it\/de\/warum-moval-waehlen\/","title":{"rendered":"Warum Moval"},"content":{"rendered":"<div class=\"wpb-content-wrapper\"><p>[vc_row css_animation=&#8220;&#8220; row_type=&#8220;row&#8220; use_row_as_full_screen_section=&#8220;no&#8220; type=&#8220;grid&#8220; angled_section=&#8220;no&#8220; text_align=&#8220;left&#8220; background_image_as_pattern=&#8220;without_pattern&#8220; el_class=&#8220;row-with-separator&#8220; z_index=&#8220;&#8220;][vc_column css=&#8220;.vc_custom_1516792023205{margin-top: 0px !important;margin-right: 0px !important;margin-bottom: 0px !important;margin-left: 0px !important;padding-right: 0px !important;padding-left: 0px !important;}&#8220;][vc_empty_space height=&#8220;72px&#8220;][qode_elements_holder number_of_columns=&#8220;three_columns&#8220; three_columns_proportion=&#8220;50_25_25&#8243; switch_to_one_column=&#8220;768&#8243;][qode_elements_holder_item vertical_alignment=&#8220;top&#8220; advanced_animations=&#8220;no&#8220; background_image=&#8220;37&#8243; item_padding=&#8220;0% 5%&#8220; item_padding_1280_1440=&#8220;0% 5%&#8220; item_padding_1024_1280=&#8220;0% 5%&#8220; item_padding_768_1024=&#8220;0% 5%&#8220; item_padding_600_768=&#8220;0% 5%&#8220; item_padding_480_600=&#8220;2% 1%&#8220; item_padding_480=&#8220;2% 1%&#8220;][vc_column_text]<\/p>\n<h1 style=\"font-weight: 300; margin-left: 4%;\">[vc_separator type=&#8220;small&#8220; position=&#8220;left&#8220; color=&#8220;#c1d101&#8243; thickness=&#8220;2&#8243; width=&#8220;100&#8243; down=&#8220;15&#8243;]TRADITION<\/h1>\n<p>[\/vc_column_text][vc_column_text]<\/p>\n<h1 style=\"font-weight: 900; margin-left: 4%;\">UND INNOVATION<\/h1>\n<p>[\/vc_column_text][vc_empty_space height=&#8220;39px&#8220;][vc_column_text]<\/p>\n<p style=\"margin-left: 4%; margin-right: 13%;\">Sich f\u00fcr Moval zu entscheiden, bedeutet die Produktion der eigenen Komponente unserem Unternehmen, dass vor 30 Jahren in einem Gebiet, mit der Berufung zur Mechanik und Metallverarbeitung, geboren wurde und sich heute dem nationalen und internationalen M\u00e4rkte stellt und t\u00e4glich an die Verbesserung der Prozesse und angebotenen Dienstleistungen arbeitet, anzuvertrauen.<\/p>\n<p>[\/vc_column_text][\/qode_elements_holder_item][qode_elements_holder_item vertical_alignment=&#8220;top&#8220; horizontal_alignment=&#8220;center&#8220; advanced_animations=&#8220;yes&#8220; start_position=&#8220;bottom&#8220; end_position=&#8220;top-bottom&#8220; item_padding=&#8220;0&#8243; item_padding_1280_1440=&#8220;0&#8243; item_padding_1024_1280=&#8220;0&#8243; item_padding_768_1024=&#8220;0&#8243; item_padding_600_768=&#8220;0&#8243; item_padding_480_600=&#8220;0&#8243; item_padding_480=&#8220;0&#8243;][vc_single_image image=&#8220;1767&#8243; img_size=&#8220;full&#8220; alignment=&#8220;center&#8220; qode_css_animation=&#8220;element_from_right&#8220; qode_hover_animation=&#8220;zoom_in&#8220; transition_delay=&#8220;0.4&#8243;][\/qode_elements_holder_item][qode_elements_holder_item vertical_alignment=&#8220;middle&#8220; advanced_animations=&#8220;no&#8220; item_padding=&#8220;3% 3%&#8220; item_padding_1280_1440=&#8220;3% 3%&#8220; item_padding_1024_1280=&#8220;3% 3%&#8220; item_padding_768_1024=&#8220;3% 3%&#8220; item_padding_600_768=&#8220;3% 3%&#8220; item_padding_480_600=&#8220;4% 1%&#8220; item_padding_480=&#8220;3% 1%&#8220;][vc_column_text]<\/p>\n<h1 style=\"font-weight: 300; margin-left: 4%;\">[vc_separator type=&#8220;small&#8220; position=&#8220;left&#8220; color=&#8220;#c1d101&#8243; thickness=&#8220;2&#8243; width=&#8220;100&#8243; down=&#8220;15&#8243;]DIE QUALIT\u00c4T<\/h1>\n<p>[\/vc_column_text][vc_column_text]<\/p>\n<h1 style=\"font-weight: 900; margin-left: 4%;\">F\u00dcR MOVAL<\/h1>\n<p>[\/vc_column_text][vc_empty_space height=&#8220;39px&#8220;][vc_column_text]<\/p>\n<p style=\"margin-left: 1%; margin-right: 1%;\">Qualit\u00e4t f\u00fcr Moval bedeutet, einen personalisierten Service anzubieten, der sich nahtlos in Ihren Produktionsprozess integriert.<\/p>\n<p>[\/vc_column_text][vc_empty_space height=&#8220;39px&#8220;]<a  itemprop=\"url\" href=\"https:\/\/moval-srl.it\/de\/qualitaet\/\" target=\"_self\"  class=\"qbutton  medium center default\" style=\"margin: 5px 5px 5p 5px; \">MEHR ERFAHREN<\/a>[\/qode_elements_holder_item][\/qode_elements_holder][\/vc_column][\/vc_row][vc_row css_animation=&#8220;&#8220; row_type=&#8220;row&#8220; use_row_as_full_screen_section=&#8220;no&#8220; type=&#8220;full_width&#8220; angled_section=&#8220;no&#8220; text_align=&#8220;left&#8220; background_image_as_pattern=&#8220;without_pattern&#8220;][vc_column][vc_empty_space height=&#8220;52px&#8220;][\/vc_column][\/vc_row][vc_row css_animation=&#8220;&#8220; row_type=&#8220;row&#8220; use_row_as_full_screen_section=&#8220;no&#8220; type=&#8220;full_width&#8220; angled_section=&#8220;no&#8220; text_align=&#8220;left&#8220; background_image_as_pattern=&#8220;without_pattern&#8220;][vc_column][vc_single_image image=&#8220;1037&#8243; img_size=&#8220;full&#8220; alignment=&#8220;center&#8220; qode_css_animation=&#8220;&#8220; qode_hover_animation=&#8220;zoom_in&#8220;][\/vc_column][\/vc_row][vc_row css_animation=&#8220;&#8220; row_type=&#8220;row&#8220; use_row_as_full_screen_section=&#8220;no&#8220; type=&#8220;full_width&#8220; angled_section=&#8220;no&#8220; text_align=&#8220;left&#8220; background_image_as_pattern=&#8220;without_pattern&#8220;][vc_column][vc_empty_space height=&#8220;72px&#8220;][\/vc_column][\/vc_row][vc_row css_animation=&#8220;&#8220; row_type=&#8220;row&#8220; use_row_as_full_screen_section=&#8220;no&#8220; type=&#8220;grid&#8220; angled_section=&#8220;no&#8220; text_align=&#8220;left&#8220; background_image_as_pattern=&#8220;without_pattern&#8220; el_class=&#8220;row-with-separator&#8220; z_index=&#8220;&#8220; css=&#8220;.vc_custom_1581427961147{margin-top: 0px !important;}&#8220;][vc_column css=&#8220;.vc_custom_1581416357792{margin-top: 0px !important;margin-right: 0px !important;margin-bottom: 0px !important;margin-left: 0px !important;padding-right: 0px !important;padding-left: 0px !important;}&#8220;][qode_elements_holder number_of_columns=&#8220;two_columns&#8220; switch_to_one_column=&#8220;768&#8243;][qode_elements_holder_item vertical_alignment=&#8220;top&#8220; advanced_animations=&#8220;no&#8220; background_image=&#8220;37&#8243; item_padding=&#8220;0% 5%&#8220; item_padding_1280_1440=&#8220;0% 5%&#8220; item_padding_1024_1280=&#8220;0% 5%&#8220; item_padding_768_1024=&#8220;0% 5%&#8220; item_padding_600_768=&#8220;0% 5%&#8220; item_padding_480_600=&#8220;2% 1%&#8220; item_padding_480=&#8220;2% 1%&#8220;][vc_column_text]<\/p>\n<h1 style=\"font-weight: 300; margin-left: 4%;\">[vc_separator type=&#8220;small&#8220; position=&#8220;left&#8220; color=&#8220;#c1d101&#8243; thickness=&#8220;2&#8243; width=&#8220;100&#8243; down=&#8220;15&#8243;]WIR STEHEN IHR<\/h1>\n<p>[\/vc_column_text][vc_column_text]<\/p>\n<h1 style=\"font-weight: 900; margin-left: 4%;\">TECHNISCHES B\u00dcRO ZUR SEITE<\/h1>\n<p>[\/vc_column_text][vc_empty_space height=&#8220;39px&#8220;][vc_column_text]<\/p>\n<p style=\"margin-left: 4%; margin-right: 13%;\">Wir haben st\u00e4ndig einen Kommunikationskanal mit Ihrem technischen B\u00fcro ge\u00f6ffnet, um ihn in allen Phasen der Produktrealisierung unterst\u00fctzen zu k\u00f6nnen. Die Zusammenarbeit beginnt mit dem Entwurf und erstreckt sich auf jede Produktionsphase.<\/p>\n<p>[\/vc_column_text][vc_empty_space height=&#8220;39px&#8220;]<a  itemprop=\"url\" href=\"https:\/\/moval-srl.it\/de\/target\/technisches-buero\/\" target=\"_self\"  class=\"qbutton  medium left default\" style=\"margin: 5px 5px 5p 5px; \">MEHR ERFAHREN<\/a>[vc_single_image image=&#8220;1760&#8243; img_size=&#8220;full&#8220; alignment=&#8220;right&#8220; qode_css_animation=&#8220;element_from_bottom&#8220; qode_hover_animation=&#8220;zoom_in&#8220;][\/qode_elements_holder_item][qode_elements_holder_item vertical_alignment=&#8220;top&#8220; advanced_animations=&#8220;no&#8220; item_padding=&#8220;20% 5%&#8220; item_padding_1280_1440=&#8220;20% 5%&#8220; item_padding_1024_1280=&#8220;20% 5%&#8220; item_padding_768_1024=&#8220;20% 5%&#8220; item_padding_600_768=&#8220;20% 5%&#8220; item_padding_480_600=&#8220;6% 1%&#8220; item_padding_480=&#8220;5% 1%&#8220;][vc_column_text]<\/p>\n<h1 style=\"font-weight: 300; margin-left: 4%;\">[vc_separator type=&#8220;small&#8220; position=&#8220;left&#8220; color=&#8220;#c1d101&#8243; thickness=&#8220;2&#8243; width=&#8220;100&#8243; down=&#8220;15&#8243;]PFLEGE<\/h1>\n<p>[\/vc_column_text][vc_column_text]<\/p>\n<h1 style=\"font-weight: 900; margin-left: 50px;\">DER DETAILS<\/h1>\n<p>[\/vc_column_text][vc_empty_space height=&#8220;39px&#8220;][vc_column_text]<\/p>\n<p style=\"margin-left: 8%; margin-right: 12%;\">Die Liebe zum Detail steckt in unser DNA. Im Laufe der Jahre haben wir die Prozesse konsolidiert, die es uns erm\u00f6glicht haben, jeden Produktionsschritt jedes einzelnen Produkts, das wir herstellen, zu optimieren.<\/p>\n<p>[\/vc_column_text][vc_empty_space height=&#8220;39px&#8220;]<a  itemprop=\"url\" href=\"https:\/\/moval-srl.it\/de\/der-prozess-bei-moval\/\" target=\"_self\"  class=\"qbutton  medium center default\" style=\"margin: 5px 5px 5p 5px; \">ENTDECKEN SIE UNSEREN PROZESS<\/a>[\/qode_elements_holder_item][\/qode_elements_holder][\/vc_column][\/vc_row][vc_row css_animation=&#8220;&#8220; row_type=&#8220;row&#8220; use_row_as_full_screen_section=&#8220;no&#8220; type=&#8220;full_width&#8220; angled_section=&#8220;no&#8220; text_align=&#8220;left&#8220; background_image_as_pattern=&#8220;without_pattern&#8220;][vc_column][vc_empty_space height=&#8220;72px&#8220;][\/vc_column][\/vc_row][vc_row css_animation=&#8220;&#8220; row_type=&#8220;row&#8220; use_row_as_full_screen_section=&#8220;no&#8220; type=&#8220;full_width&#8220; angled_section=&#8220;no&#8220; text_align=&#8220;left&#8220; background_image_as_pattern=&#8220;without_pattern&#8220; z_index=&#8220;&#8220; background_color=&#8220;#efefef&#8220; padding_top=&#8220;10%&#8220; padding_bottom=&#8220;10%&#8220; css=&#8220;.vc_custom_1581428280095{margin-top: -30px !important;margin-bottom: 0px !important;}&#8220;][vc_column css=&#8220;.vc_custom_1581428026495{margin-top: -60px !important;padding-right: 10% !important;padding-left: 10% !important;background-position: center !important;background-repeat: no-repeat !important;background-size: contain !important;}&#8220;][vc_empty_space height=&#8220;82px&#8220;][vc_column_text]<\/p>\n<h1 style=\"font-weight: 500; text-align: center;\">ANWENDUNGSBEREICHE<\/h1>\n<p>[\/vc_column_text][vc_empty_space height=&#8220;62px&#8220;][qode_circles columns=&#8220;four_columns&#8220; circle_line=&#8220;no_line&#8220;][qode_circle type=&#8220;image_type&#8220; title_tag=&#8220;h6&#8243; image=&#8220;1644&#8243; title=&#8220;Sanit\u00e4r, Heizung und Klima&#8220; link=&#8220;https:\/\/moval-srl.it\/de\/branchen\/sanitaer-heizung-und-klima\/&#8220;][qode_circle type=&#8220;image_type&#8220; title_tag=&#8220;h6&#8243; title=&#8220;Wasseraufbereitung&#8220; link=&#8220;https:\/\/moval-srl.it\/de\/branchen\/wasseraufbereitung\/&#8220; image=&#8220;934&#8243;][qode_circle type=&#8220;image_type&#8220; title_tag=&#8220;h6&#8243; image=&#8220;886&#8243; title=&#8220;Hochdruckreiniger&#8220; link=&#8220;https:\/\/moval-srl.it\/de\/branchen\/hochdruckreiniger\/&#8220;][qode_circle type=&#8220;image_type&#8220; title_tag=&#8220;h6&#8243; image=&#8220;921&#8243; title=&#8220;K\u00fchlung&#8220; link=&#8220;https:\/\/moval-srl.it\/de\/branchen\/kuehlung\/&#8220;][qode_circle type=&#8220;image_type&#8220; title_tag=&#8220;h6&#8243; image=&#8220;867&#8243; title=&#8220;GAS&#8220; link=&#8220;https:\/\/moval-srl.it\/de\/branchen\/gas-gpl-saldatura\/&#8220;][qode_circle type=&#8220;image_type&#8220; title_tag=&#8220;h6&#8243; title=&#8220;Brandschutz&#8220; link=&#8220;https:\/\/moval-srl.it\/de\/branchen\/brandschutz\/&#8220; image=&#8220;840&#8243;][qode_circle type=&#8220;image_type&#8220; title_tag=&#8220;h6&#8243; image=&#8220;852&#8243; title=&#8220;Automotive&#8220; link=&#8220;https:\/\/moval-srl.it\/de\/branchen\/automotive\/&#8220;][qode_circle type=&#8220;image_type&#8220; title_tag=&#8220;h6&#8243; image=&#8220;828&#8243; title=&#8220;Andere Branchen&#8220; link=&#8220;https:\/\/moval-srl.it\/de\/branchen\/andere-branchen\/&#8220;][\/qode_circles][vc_empty_space height=&#8220;82px&#8220;][\/vc_column][\/vc_row][vc_row css_animation=&#8220;&#8220; row_type=&#8220;row&#8220; use_row_as_full_screen_section=&#8220;no&#8220; type=&#8220;full_width&#8220; angled_section=&#8220;no&#8220; text_align=&#8220;left&#8220; background_image_as_pattern=&#8220;without_pattern&#8220;][vc_column]<div class=\"call_to_action normal\" style=\"background-color: #c1d101;padding-top: 35px;padding-bottom: 35px;\"><div class=\"container_inner\"><div class=\"two_columns_75_25 clearfix\"><div class=\"text_wrapper column1\"><div class=\"call_to_action_text  font_size_inherit font_weight_inherit\" style=\"font-size:16px;font-weight: 600;\">\n<p style=\"text-align: left; padding-right: 45px;\"><span style=\"color: #ffffff;\">Fordern Sie ein kostenloses Angebot an, wir werden gemeinsam Ihre Produktionsbed\u00fcrfnisse analysieren, so dass wir eine massgeschneiderte L\u00f6sung anbieten k\u00f6nnen.<\/span><\/p>\n<\/div><\/div><div class=\"button_wrapper column2\"><a itemprop=\"url\" href=\"https:\/\/moval-srl.it\/de\/angebot-anfragen\/\" class=\"qbutton white \" target=\"_self\" style=\"color: #191919;border-color: #ffffff;background-color: #ffffff;\"data-hover-background-color=#c1d101 data-hover-border-color=#ffffff data-hover-color=#ffffff>ANGEBOT ANFORDERN<\/a><\/div><\/div><\/div><\/div>[\/vc_column][\/vc_row]<\/p>\n<\/div>","protected":false},"excerpt":{"rendered":"<p>[vc_row css_animation=&#8220;&#8220; row_type=&#8220;row&#8220; use_row_as_full_screen_section=&#8220;no&#8220; type=&#8220;grid&#8220; angled_section=&#8220;no&#8220; text_align=&#8220;left&#8220; background_image_as_pattern=&#8220;without_pattern&#8220; el_class=&#8220;row-with-separator&#8220; z_index=&#8220;&#8220;][vc_column css=&#8220;.vc_custom_1516792023205{margin-top: 0px !important;margin-right: 0px !important;margin-bottom: 0px !important;margin-left: 0px !important;padding-right: 0px !important;padding-left: 0px !important;}&#8220;][vc_empty_space height=&#8220;72px&#8220;][qode_elements_holder number_of_columns=&#8220;three_columns&#8220; three_columns_proportion=&#8220;50_25_25&#8243; switch_to_one_column=&#8220;768&#8243;][qode_elements_holder_item vertical_alignment=&#8220;top&#8220; advanced_animations=&#8220;no&#8220; background_image=&#8220;37&#8243; item_padding=&#8220;0% 5%&#8220; item_padding_1280_1440=&#8220;0% 5%&#8220; item_padding_1024_1280=&#8220;0% 5%&#8220; item_padding_768_1024=&#8220;0% 5%&#8220; item_padding_600_768=&#8220;0% 5%&#8220; item_padding_480_600=&#8220;2% 1%&#8220; item_padding_480=&#8220;2% 1%&#8220;][vc_column_text] [vc_separator&#8230;<\/p>\n","protected":false},"author":1,"featured_media":0,"parent":0,"menu_order":0,"comment_status":"closed","ping_status":"closed","template":"full_width.php","meta":{"footnotes":""},"yoast_head":"<!-- This site is optimized with the Yoast SEO plugin v24.0 - https:\/\/yoast.com\/wordpress\/plugins\/seo\/ -->\n<title>Warum Moval w\u00e4hlen: warmgepresste Messingkomponente<\/title>\n<meta name=\"description\" content=\"Sich f\u00fcr Moval f\u00fcr die Herstellung von Messingkomponenten zu entscheiden, bedeutet sich auf seine Erfahrung und Kultur f\u00fcr die Qualit\u00e4t zu verlassen\" \/>\n<meta name=\"robots\" content=\"index, follow, max-snippet:-1, max-image-preview:large, max-video-preview:-1\" \/>\n<link rel=\"canonical\" href=\"https:\/\/moval-srl.it\/de\/warum-moval-waehlen\/\" \/>\n<meta property=\"og:locale\" content=\"de_DE\" \/>\n<meta property=\"og:type\" content=\"article\" \/>\n<meta property=\"og:title\" content=\"Warum Moval w\u00e4hlen: warmgepresste Messingkomponente\" \/>\n<meta property=\"og:description\" content=\"Sich f\u00fcr Moval f\u00fcr die Herstellung von Messingkomponenten zu entscheiden, bedeutet sich auf seine Erfahrung und Kultur f\u00fcr die Qualit\u00e4t zu verlassen\" \/>\n<meta property=\"og:url\" content=\"https:\/\/moval-srl.it\/de\/warum-moval-waehlen\/\" \/>\n<meta property=\"og:site_name\" content=\"Moval - Bespoke brass\" \/>\n<meta property=\"article:modified_time\" content=\"2020-06-17T20:17:56+00:00\" \/>\n<meta name=\"twitter:card\" content=\"summary_large_image\" \/>\n<meta name=\"twitter:label1\" content=\"Gesch\u00e4tzte Lesezeit\" \/>\n\t<meta name=\"twitter:data1\" content=\"7\u00a0Minuten\" \/>\n<script type=\"application\/ld+json\" class=\"yoast-schema-graph\">{\"@context\":\"https:\/\/schema.org\",\"@graph\":[{\"@type\":\"WebPage\",\"@id\":\"https:\/\/moval-srl.it\/de\/warum-moval-waehlen\/\",\"url\":\"https:\/\/moval-srl.it\/de\/warum-moval-waehlen\/\",\"name\":\"Warum Moval w\u00e4hlen: warmgepresste Messingkomponente\",\"isPartOf\":{\"@id\":\"https:\/\/moval-srl.it\/de\/#website\"},\"datePublished\":\"2020-02-11T07:58:33+00:00\",\"dateModified\":\"2020-06-17T20:17:56+00:00\",\"description\":\"Sich f\u00fcr Moval f\u00fcr die Herstellung von Messingkomponenten zu entscheiden, bedeutet sich auf seine Erfahrung und Kultur f\u00fcr die Qualit\u00e4t zu verlassen\",\"breadcrumb\":{\"@id\":\"https:\/\/moval-srl.it\/de\/warum-moval-waehlen\/#breadcrumb\"},\"inLanguage\":\"de\",\"potentialAction\":[{\"@type\":\"ReadAction\",\"target\":[\"https:\/\/moval-srl.it\/de\/warum-moval-waehlen\/\"]}]},{\"@type\":\"BreadcrumbList\",\"@id\":\"https:\/\/moval-srl.it\/de\/warum-moval-waehlen\/#breadcrumb\",\"itemListElement\":[{\"@type\":\"ListItem\",\"position\":1,\"name\":\"Home\",\"item\":\"https:\/\/moval-srl.it\/de\/\"},{\"@type\":\"ListItem\",\"position\":2,\"name\":\"Warum Moval w\u00e4hlen\"}]},{\"@type\":\"WebSite\",\"@id\":\"https:\/\/moval-srl.it\/de\/#website\",\"url\":\"https:\/\/moval-srl.it\/de\/\",\"name\":\"Moval - Bespoke brass\",\"description\":\"Componenti personalizzati in ottone\",\"publisher\":{\"@id\":\"https:\/\/moval-srl.it\/de\/#organization\"},\"potentialAction\":[{\"@type\":\"SearchAction\",\"target\":{\"@type\":\"EntryPoint\",\"urlTemplate\":\"https:\/\/moval-srl.it\/de\/?s={search_term_string}\"},\"query-input\":{\"@type\":\"PropertyValueSpecification\",\"valueRequired\":true,\"valueName\":\"search_term_string\"}}],\"inLanguage\":\"de\"},{\"@type\":\"Organization\",\"@id\":\"https:\/\/moval-srl.it\/de\/#organization\",\"name\":\"Moval srl - Stampaggio a caldo e lavorazione ottone\",\"url\":\"https:\/\/moval-srl.it\/de\/\",\"logo\":{\"@type\":\"ImageObject\",\"inLanguage\":\"de\",\"@id\":\"https:\/\/moval-srl.it\/de\/#\/schema\/logo\/image\/\",\"url\":\"https:\/\/moval-srl.it\/wp-content\/uploads\/2019\/12\/moval-brass-components.png\",\"contentUrl\":\"https:\/\/moval-srl.it\/wp-content\/uploads\/2019\/12\/moval-brass-components.png\",\"width\":220,\"height\":90,\"caption\":\"Moval srl - Stampaggio a caldo e lavorazione ottone\"},\"image\":{\"@id\":\"https:\/\/moval-srl.it\/de\/#\/schema\/logo\/image\/\"},\"sameAs\":[\"https:\/\/www.linkedin.com\/company\/moval-srl\/about\/\"]}]}<\/script>\n<!-- \/ Yoast SEO plugin. -->","yoast_head_json":{"title":"Warum Moval w\u00e4hlen: warmgepresste Messingkomponente","description":"Sich f\u00fcr Moval f\u00fcr die Herstellung von Messingkomponenten zu entscheiden, bedeutet sich auf seine Erfahrung und Kultur f\u00fcr die Qualit\u00e4t zu verlassen","robots":{"index":"index","follow":"follow","max-snippet":"max-snippet:-1","max-image-preview":"max-image-preview:large","max-video-preview":"max-video-preview:-1"},"canonical":"https:\/\/moval-srl.it\/de\/warum-moval-waehlen\/","og_locale":"de_DE","og_type":"article","og_title":"Warum Moval w\u00e4hlen: warmgepresste Messingkomponente","og_description":"Sich f\u00fcr Moval f\u00fcr die Herstellung von Messingkomponenten zu entscheiden, bedeutet sich auf seine Erfahrung und Kultur f\u00fcr die Qualit\u00e4t zu verlassen","og_url":"https:\/\/moval-srl.it\/de\/warum-moval-waehlen\/","og_site_name":"Moval - Bespoke brass","article_modified_time":"2020-06-17T20:17:56+00:00","twitter_card":"summary_large_image","twitter_misc":{"Gesch\u00e4tzte Lesezeit":"7\u00a0Minuten"},"schema":{"@context":"https:\/\/schema.org","@graph":[{"@type":"WebPage","@id":"https:\/\/moval-srl.it\/de\/warum-moval-waehlen\/","url":"https:\/\/moval-srl.it\/de\/warum-moval-waehlen\/","name":"Warum Moval w\u00e4hlen: warmgepresste Messingkomponente","isPartOf":{"@id":"https:\/\/moval-srl.it\/de\/#website"},"datePublished":"2020-02-11T07:58:33+00:00","dateModified":"2020-06-17T20:17:56+00:00","description":"Sich f\u00fcr Moval f\u00fcr die Herstellung von Messingkomponenten zu entscheiden, bedeutet sich auf seine Erfahrung und Kultur f\u00fcr die Qualit\u00e4t zu verlassen","breadcrumb":{"@id":"https:\/\/moval-srl.it\/de\/warum-moval-waehlen\/#breadcrumb"},"inLanguage":"de","potentialAction":[{"@type":"ReadAction","target":["https:\/\/moval-srl.it\/de\/warum-moval-waehlen\/"]}]},{"@type":"BreadcrumbList","@id":"https:\/\/moval-srl.it\/de\/warum-moval-waehlen\/#breadcrumb","itemListElement":[{"@type":"ListItem","position":1,"name":"Home","item":"https:\/\/moval-srl.it\/de\/"},{"@type":"ListItem","position":2,"name":"Warum Moval w\u00e4hlen"}]},{"@type":"WebSite","@id":"https:\/\/moval-srl.it\/de\/#website","url":"https:\/\/moval-srl.it\/de\/","name":"Moval - Bespoke brass","description":"Componenti personalizzati in ottone","publisher":{"@id":"https:\/\/moval-srl.it\/de\/#organization"},"potentialAction":[{"@type":"SearchAction","target":{"@type":"EntryPoint","urlTemplate":"https:\/\/moval-srl.it\/de\/?s={search_term_string}"},"query-input":{"@type":"PropertyValueSpecification","valueRequired":true,"valueName":"search_term_string"}}],"inLanguage":"de"},{"@type":"Organization","@id":"https:\/\/moval-srl.it\/de\/#organization","name":"Moval srl - Stampaggio a caldo e lavorazione ottone","url":"https:\/\/moval-srl.it\/de\/","logo":{"@type":"ImageObject","inLanguage":"de","@id":"https:\/\/moval-srl.it\/de\/#\/schema\/logo\/image\/","url":"https:\/\/moval-srl.it\/wp-content\/uploads\/2019\/12\/moval-brass-components.png","contentUrl":"https:\/\/moval-srl.it\/wp-content\/uploads\/2019\/12\/moval-brass-components.png","width":220,"height":90,"caption":"Moval srl - Stampaggio a caldo e lavorazione ottone"},"image":{"@id":"https:\/\/moval-srl.it\/de\/#\/schema\/logo\/image\/"},"sameAs":["https:\/\/www.linkedin.com\/company\/moval-srl\/about\/"]}]}},"_links":{"self":[{"href":"https:\/\/moval-srl.it\/de\/wp-json\/wp\/v2\/pages\/1375"}],"collection":[{"href":"https:\/\/moval-srl.it\/de\/wp-json\/wp\/v2\/pages"}],"about":[{"href":"https:\/\/moval-srl.it\/de\/wp-json\/wp\/v2\/types\/page"}],"author":[{"embeddable":true,"href":"https:\/\/moval-srl.it\/de\/wp-json\/wp\/v2\/users\/1"}],"replies":[{"embeddable":true,"href":"https:\/\/moval-srl.it\/de\/wp-json\/wp\/v2\/comments?post=1375"}],"version-history":[{"count":13,"href":"https:\/\/moval-srl.it\/de\/wp-json\/wp\/v2\/pages\/1375\/revisions"}],"predecessor-version":[{"id":2094,"href":"https:\/\/moval-srl.it\/de\/wp-json\/wp\/v2\/pages\/1375\/revisions\/2094"}],"wp:attachment":[{"href":"https:\/\/moval-srl.it\/de\/wp-json\/wp\/v2\/media?parent=1375"}],"curies":[{"name":"wp","href":"https:\/\/api.w.org\/{rel}","templated":true}]}}