{"id":1380,"date":"2020-01-23T09:26:55","date_gmt":"2020-01-23T09:26:55","guid":{"rendered":"https:\/\/moval-srl.it\/richiesta-preventivo-componenti-ottone\/"},"modified":"2020-06-17T14:24:49","modified_gmt":"2020-06-17T14:24:49","slug":"angebot-anfragen","status":"publish","type":"page","link":"https:\/\/moval-srl.it\/de\/angebot-anfragen\/","title":{"rendered":"Angebot Anfordern"},"content":{"rendered":"<div class=\"wpb-content-wrapper\"><p>[vc_row css_animation=&#8220;&#8220; row_type=&#8220;row&#8220; use_row_as_full_screen_section=&#8220;no&#8220; type=&#8220;full_width&#8220; angled_section=&#8220;no&#8220; text_align=&#8220;left&#8220; background_image_as_pattern=&#8220;without_pattern&#8220;][vc_column][vc_empty_space height=&#8220;62px&#8220;][\/vc_column][\/vc_row][vc_row css_animation=&#8220;&#8220; row_type=&#8220;row&#8220; use_row_as_full_screen_section=&#8220;no&#8220; type=&#8220;grid&#8220; angled_section=&#8220;no&#8220; text_align=&#8220;left&#8220; background_image_as_pattern=&#8220;without_pattern&#8220; z_index=&#8220;&#8220;][vc_column width=&#8220;1\/2&#8243;]<div role=\"form\" class=\"wpcf7\" id=\"wpcf7-f1900-o1\" lang=\"de-DE\" dir=\"ltr\">\n<div class=\"screen-reader-response\" role=\"alert\" aria-live=\"polite\"><\/div>\n<form action=\"\/de\/wp-json\/wp\/v2\/pages\/1380#wpcf7-f1900-o1\" method=\"post\" class=\"wpcf7-form init cf7_custom_style_1\" enctype=\"multipart\/form-data\" novalidate=\"novalidate\">\n<div style=\"display: none;\">\n<input type=\"hidden\" name=\"_wpcf7\" value=\"1900\" \/>\n<input type=\"hidden\" name=\"_wpcf7_version\" value=\"5.2.1\" \/>\n<input type=\"hidden\" name=\"_wpcf7_locale\" value=\"de_DE\" \/>\n<input type=\"hidden\" name=\"_wpcf7_unit_tag\" value=\"wpcf7-f1900-o1\" \/>\n<input type=\"hidden\" name=\"_wpcf7_container_post\" value=\"0\" \/>\n<input type=\"hidden\" name=\"_wpcf7_posted_data_hash\" value=\"\" \/>\n<input type=\"hidden\" name=\"_wpcf7_recaptcha_response\" value=\"\" \/>\n<\/div>\n<p><label> Vor- und Nachname*<br \/>\n    <span class=\"wpcf7-form-control-wrap your-name\"><input type=\"text\" name=\"your-name\" value=\"\" size=\"40\" class=\"wpcf7-form-control wpcf7-text wpcf7-validates-as-required\" aria-required=\"true\" aria-invalid=\"false\" \/><\/span> <\/label><\/p>\n<p><label> Firma*<br \/>\n<span class=\"wpcf7-form-control-wrap Azienda\"><input type=\"text\" name=\"Azienda\" value=\"\" size=\"40\" class=\"wpcf7-form-control wpcf7-text wpcf7-validates-as-required\" aria-required=\"true\" aria-invalid=\"false\" \/><\/span> <\/label><\/p>\n<p><label> E-mail*<br \/>\n    <span class=\"wpcf7-form-control-wrap your-email\"><input type=\"email\" name=\"your-email\" value=\"\" size=\"40\" class=\"wpcf7-form-control wpcf7-text wpcf7-email wpcf7-validates-as-required wpcf7-validates-as-email\" aria-required=\"true\" aria-invalid=\"false\" \/><\/span> <\/label><\/p>\n<p><label> Gesch\u00e4tzte St\u00fcckzahl (Los)<br \/>\n    <span class=\"wpcf7-form-control-wrap num-pezzi\"><input type=\"text\" name=\"num-pezzi\" value=\"\" size=\"40\" class=\"wpcf7-form-control wpcf7-text\" aria-invalid=\"false\" \/><\/span> <\/label><\/p>\n<p><label> Technische Zeichnung hochladen (5MB) - Bei mehreren Dateien bitte eine einzelne komprimierte Datei hochladen (z.B. .zip oder .rar)<br \/>\n<span class=\"wpcf7-form-control-wrap disegno-tecnico\"><input type=\"file\" name=\"disegno-tecnico\" size=\"40\" class=\"wpcf7-form-control wpcf7-file\" accept=\".jpg,.jpeg,.png,.gif,.pdf,.doc,.docx,.ppt,.pptx,.odt,.avi,.ogg,.m4a,.mov,.mp3,.mp4,.mpg,.wav,.wmv\" aria-invalid=\"false\" \/><\/span> <\/label><\/p>\n<p><label> Bemerkungen<br \/>\n    <span class=\"wpcf7-form-control-wrap your-message\"><textarea name=\"your-message\" cols=\"40\" rows=\"10\" class=\"wpcf7-form-control wpcf7-textarea\" aria-invalid=\"false\"><\/textarea><\/span> <\/label><\/p>\n<p><label> Privacy Policy*<br \/>\n<span class=\"wpcf7-form-control-wrap Privacypolicy\"><span class=\"wpcf7-form-control wpcf7-acceptance optional\"><span class=\"wpcf7-list-item\"><label><input type=\"checkbox\" name=\"Privacypolicy\" value=\"1\" aria-invalid=\"false\" \/><span class=\"wpcf7-list-item-label\">Ich best\u00e4tige die Information zur Bearbeitung der personenbezogenen Daten gelesen zu haben<\/span><\/label><\/span><\/span><\/span><\/label><br \/>\n(<a href=\"\/privacy-policy\/\">hier unsere <\/a> Information zur Privacy Policy lesen)<\/p>\n<p><input type=\"submit\" value=\"Versenden\" class=\"wpcf7-form-control wpcf7-submit\" \/><\/p>\n<div class=\"wpcf7-response-output\" role=\"alert\" aria-hidden=\"true\"><\/div><\/form><\/div>[\/vc_column][vc_column width=&#8220;1\/2&#8243; css=&#8220;.vc_custom_1582198613693{padding-left: 10% !important;}&#8220;][qode_elements_holder number_of_columns=&#8220;two_columns&#8220; columns_proportion=&#8220;25_75&#8243;][qode_elements_holder_item advanced_animations=&#8220;no&#8220;]<div class=\"q_counter_holder  center\" style=\"\"><span class=\"counter  zero\" style=\"font-size: 44px;font-weight: 800;\">1<\/span><\/div>[\/qode_elements_holder_item][qode_elements_holder_item advanced_animations=&#8220;no&#8220;][vc_column_text]<strong>Formular ausf\u00fcllen<\/strong><\/p>\n<p>Alle wichtige Informationen die es uns erlauben Ihre Bed\u00fcrfnisse zu verstehen angeben.[\/vc_column_text][\/qode_elements_holder_item][\/qode_elements_holder][vc_empty_space][qode_elements_holder number_of_columns=&#8220;two_columns&#8220; columns_proportion=&#8220;25_75&#8243;][qode_elements_holder_item advanced_animations=&#8220;no&#8220;]<div class=\"q_counter_holder  center\" style=\"\"><span class=\"counter  zero\" style=\"font-size: 44px;font-weight: 800;\">2<\/span><\/div>[\/qode_elements_holder_item][qode_elements_holder_item advanced_animations=&#8220;no&#8220;][vc_column_text]<strong>Ein Fachmann wird Ihre Anfrage bearbeiten<\/strong><\/p>\n<p>Nach Erhalt Ihrer Angebotsanfrage wird einer unserer Fachm\u00e4nner sie bearbeiten und wird Sie kontaktieren falls weitere Informationen notwendig sind.[\/vc_column_text][\/qode_elements_holder_item][\/qode_elements_holder][vc_empty_space][qode_elements_holder number_of_columns=&#8220;two_columns&#8220; columns_proportion=&#8220;25_75&#8243;][qode_elements_holder_item advanced_animations=&#8220;no&#8220;]<div class=\"q_counter_holder  center\" style=\"\"><span class=\"counter  zero\" style=\"font-size: 44px;font-weight: 800;\">3<\/span><\/div>[\/qode_elements_holder_item][qode_elements_holder_item advanced_animations=&#8220;no&#8220;][vc_column_text]<strong>Zustellung vom Angebot<\/strong><\/p>\n<p>Sie werden von einer unserer Vertriebsmitarbeiter kontaktiert, der Ihnen das f\u00fcr Ihre Bed\u00fcrfnisse entwickelte Angebot vorstellen wird.[\/vc_column_text][\/qode_elements_holder_item][\/qode_elements_holder][vc_empty_space][\/vc_column][\/vc_row][vc_row css_animation=&#8220;&#8220; row_type=&#8220;row&#8220; use_row_as_full_screen_section=&#8220;no&#8220; type=&#8220;full_width&#8220; angled_section=&#8220;no&#8220; text_align=&#8220;left&#8220; background_image_as_pattern=&#8220;without_pattern&#8220;][vc_column][vc_empty_space height=&#8220;62px&#8220;][\/vc_column][\/vc_row]<\/p>\n<\/div>","protected":false},"excerpt":{"rendered":"<p>[vc_row css_animation=&#8220;&#8220; row_type=&#8220;row&#8220; use_row_as_full_screen_section=&#8220;no&#8220; type=&#8220;full_width&#8220; angled_section=&#8220;no&#8220; text_align=&#8220;left&#8220; background_image_as_pattern=&#8220;without_pattern&#8220;][vc_column][vc_empty_space height=&#8220;62px&#8220;][\/vc_column][\/vc_row][vc_row css_animation=&#8220;&#8220; row_type=&#8220;row&#8220; use_row_as_full_screen_section=&#8220;no&#8220; type=&#8220;grid&#8220; angled_section=&#8220;no&#8220; text_align=&#8220;left&#8220; background_image_as_pattern=&#8220;without_pattern&#8220; z_index=&#8220;&#8220;][vc_column width=&#8220;1\/2&#8243;][\/vc_column][vc_column width=&#8220;1\/2&#8243; css=&#8220;.vc_custom_1582198613693{padding-left: 10% !important;}&#8220;][qode_elements_holder number_of_columns=&#8220;two_columns&#8220; columns_proportion=&#8220;25_75&#8243;][qode_elements_holder_item advanced_animations=&#8220;no&#8220;][\/qode_elements_holder_item][qode_elements_holder_item advanced_animations=&#8220;no&#8220;][vc_column_text]Formular ausf\u00fcllen Alle wichtige Informationen die es uns erlauben Ihre Bed\u00fcrfnisse zu verstehen angeben.[\/vc_column_text][\/qode_elements_holder_item][\/qode_elements_holder][vc_empty_space][qode_elements_holder number_of_columns=&#8220;two_columns&#8220; columns_proportion=&#8220;25_75&#8243;][qode_elements_holder_item advanced_animations=&#8220;no&#8220;][\/qode_elements_holder_item][qode_elements_holder_item advanced_animations=&#8220;no&#8220;][vc_column_text]Ein Fachmann wird&#8230;<\/p>\n","protected":false},"author":1,"featured_media":0,"parent":0,"menu_order":0,"comment_status":"closed","ping_status":"closed","template":"full_width.php","meta":{"footnotes":""},"yoast_head":"<!-- This site is optimized with the Yoast SEO plugin v24.0 - https:\/\/yoast.com\/wordpress\/plugins\/seo\/ -->\n<title>Fordern Sie ein Angebot f\u00fcr Ihr personalisiertes Projekt<\/title>\n<meta name=\"description\" content=\"Fordern Sie ein Angebot an und senden Sie das Projekt f\u00fcr Ihr warmgepresstes und bearbeitetes Messingteil an unser technisches B\u00fcro.\" \/>\n<meta name=\"robots\" content=\"index, follow, max-snippet:-1, max-image-preview:large, max-video-preview:-1\" \/>\n<link rel=\"canonical\" href=\"https:\/\/moval-srl.it\/de\/angebot-anfragen\/\" \/>\n<meta property=\"og:locale\" content=\"de_DE\" \/>\n<meta property=\"og:type\" content=\"article\" \/>\n<meta property=\"og:title\" content=\"Fordern Sie ein Angebot f\u00fcr Ihr personalisiertes Projekt\" \/>\n<meta property=\"og:description\" content=\"Fordern Sie ein Angebot an und senden Sie das Projekt f\u00fcr Ihr warmgepresstes und bearbeitetes Messingteil an unser technisches B\u00fcro.\" \/>\n<meta property=\"og:url\" content=\"https:\/\/moval-srl.it\/de\/angebot-anfragen\/\" \/>\n<meta property=\"og:site_name\" content=\"Moval - Bespoke brass\" \/>\n<meta property=\"article:modified_time\" content=\"2020-06-17T14:24:49+00:00\" \/>\n<meta name=\"twitter:card\" content=\"summary_large_image\" \/>\n<meta name=\"twitter:label1\" content=\"Gesch\u00e4tzte Lesezeit\" \/>\n\t<meta name=\"twitter:data1\" content=\"2\u00a0Minuten\" \/>\n<script type=\"application\/ld+json\" class=\"yoast-schema-graph\">{\"@context\":\"https:\/\/schema.org\",\"@graph\":[{\"@type\":\"WebPage\",\"@id\":\"https:\/\/moval-srl.it\/de\/angebot-anfragen\/\",\"url\":\"https:\/\/moval-srl.it\/de\/angebot-anfragen\/\",\"name\":\"Fordern Sie ein Angebot f\u00fcr Ihr personalisiertes Projekt\",\"isPartOf\":{\"@id\":\"https:\/\/moval-srl.it\/de\/#website\"},\"datePublished\":\"2020-01-23T09:26:55+00:00\",\"dateModified\":\"2020-06-17T14:24:49+00:00\",\"description\":\"Fordern Sie ein Angebot an und senden Sie das Projekt f\u00fcr Ihr warmgepresstes und bearbeitetes Messingteil an unser technisches B\u00fcro.\",\"breadcrumb\":{\"@id\":\"https:\/\/moval-srl.it\/de\/angebot-anfragen\/#breadcrumb\"},\"inLanguage\":\"de\",\"potentialAction\":[{\"@type\":\"ReadAction\",\"target\":[\"https:\/\/moval-srl.it\/de\/angebot-anfragen\/\"]}]},{\"@type\":\"BreadcrumbList\",\"@id\":\"https:\/\/moval-srl.it\/de\/angebot-anfragen\/#breadcrumb\",\"itemListElement\":[{\"@type\":\"ListItem\",\"position\":1,\"name\":\"Home\",\"item\":\"https:\/\/moval-srl.it\/de\/\"},{\"@type\":\"ListItem\",\"position\":2,\"name\":\"Angebot anfragen\"}]},{\"@type\":\"WebSite\",\"@id\":\"https:\/\/moval-srl.it\/de\/#website\",\"url\":\"https:\/\/moval-srl.it\/de\/\",\"name\":\"Moval - Bespoke brass\",\"description\":\"Componenti personalizzati in ottone\",\"publisher\":{\"@id\":\"https:\/\/moval-srl.it\/de\/#organization\"},\"potentialAction\":[{\"@type\":\"SearchAction\",\"target\":{\"@type\":\"EntryPoint\",\"urlTemplate\":\"https:\/\/moval-srl.it\/de\/?s={search_term_string}\"},\"query-input\":{\"@type\":\"PropertyValueSpecification\",\"valueRequired\":true,\"valueName\":\"search_term_string\"}}],\"inLanguage\":\"de\"},{\"@type\":\"Organization\",\"@id\":\"https:\/\/moval-srl.it\/de\/#organization\",\"name\":\"Moval srl - Stampaggio a caldo e lavorazione ottone\",\"url\":\"https:\/\/moval-srl.it\/de\/\",\"logo\":{\"@type\":\"ImageObject\",\"inLanguage\":\"de\",\"@id\":\"https:\/\/moval-srl.it\/de\/#\/schema\/logo\/image\/\",\"url\":\"https:\/\/moval-srl.it\/wp-content\/uploads\/2019\/12\/moval-brass-components.png\",\"contentUrl\":\"https:\/\/moval-srl.it\/wp-content\/uploads\/2019\/12\/moval-brass-components.png\",\"width\":220,\"height\":90,\"caption\":\"Moval srl - Stampaggio a caldo e lavorazione ottone\"},\"image\":{\"@id\":\"https:\/\/moval-srl.it\/de\/#\/schema\/logo\/image\/\"},\"sameAs\":[\"https:\/\/www.linkedin.com\/company\/moval-srl\/about\/\"]}]}<\/script>\n<!-- \/ Yoast SEO plugin. -->","yoast_head_json":{"title":"Fordern Sie ein Angebot f\u00fcr Ihr personalisiertes Projekt","description":"Fordern Sie ein Angebot an und senden Sie das Projekt f\u00fcr Ihr warmgepresstes und bearbeitetes Messingteil an unser technisches B\u00fcro.","robots":{"index":"index","follow":"follow","max-snippet":"max-snippet:-1","max-image-preview":"max-image-preview:large","max-video-preview":"max-video-preview:-1"},"canonical":"https:\/\/moval-srl.it\/de\/angebot-anfragen\/","og_locale":"de_DE","og_type":"article","og_title":"Fordern Sie ein Angebot f\u00fcr Ihr personalisiertes Projekt","og_description":"Fordern Sie ein Angebot an und senden Sie das Projekt f\u00fcr Ihr warmgepresstes und bearbeitetes Messingteil an unser technisches B\u00fcro.","og_url":"https:\/\/moval-srl.it\/de\/angebot-anfragen\/","og_site_name":"Moval - Bespoke brass","article_modified_time":"2020-06-17T14:24:49+00:00","twitter_card":"summary_large_image","twitter_misc":{"Gesch\u00e4tzte Lesezeit":"2\u00a0Minuten"},"schema":{"@context":"https:\/\/schema.org","@graph":[{"@type":"WebPage","@id":"https:\/\/moval-srl.it\/de\/angebot-anfragen\/","url":"https:\/\/moval-srl.it\/de\/angebot-anfragen\/","name":"Fordern Sie ein Angebot f\u00fcr Ihr personalisiertes Projekt","isPartOf":{"@id":"https:\/\/moval-srl.it\/de\/#website"},"datePublished":"2020-01-23T09:26:55+00:00","dateModified":"2020-06-17T14:24:49+00:00","description":"Fordern Sie ein Angebot an und senden Sie das Projekt f\u00fcr Ihr warmgepresstes und bearbeitetes Messingteil an unser technisches B\u00fcro.","breadcrumb":{"@id":"https:\/\/moval-srl.it\/de\/angebot-anfragen\/#breadcrumb"},"inLanguage":"de","potentialAction":[{"@type":"ReadAction","target":["https:\/\/moval-srl.it\/de\/angebot-anfragen\/"]}]},{"@type":"BreadcrumbList","@id":"https:\/\/moval-srl.it\/de\/angebot-anfragen\/#breadcrumb","itemListElement":[{"@type":"ListItem","position":1,"name":"Home","item":"https:\/\/moval-srl.it\/de\/"},{"@type":"ListItem","position":2,"name":"Angebot anfragen"}]},{"@type":"WebSite","@id":"https:\/\/moval-srl.it\/de\/#website","url":"https:\/\/moval-srl.it\/de\/","name":"Moval - Bespoke brass","description":"Componenti personalizzati in ottone","publisher":{"@id":"https:\/\/moval-srl.it\/de\/#organization"},"potentialAction":[{"@type":"SearchAction","target":{"@type":"EntryPoint","urlTemplate":"https:\/\/moval-srl.it\/de\/?s={search_term_string}"},"query-input":{"@type":"PropertyValueSpecification","valueRequired":true,"valueName":"search_term_string"}}],"inLanguage":"de"},{"@type":"Organization","@id":"https:\/\/moval-srl.it\/de\/#organization","name":"Moval srl - Stampaggio a caldo e lavorazione ottone","url":"https:\/\/moval-srl.it\/de\/","logo":{"@type":"ImageObject","inLanguage":"de","@id":"https:\/\/moval-srl.it\/de\/#\/schema\/logo\/image\/","url":"https:\/\/moval-srl.it\/wp-content\/uploads\/2019\/12\/moval-brass-components.png","contentUrl":"https:\/\/moval-srl.it\/wp-content\/uploads\/2019\/12\/moval-brass-components.png","width":220,"height":90,"caption":"Moval srl - Stampaggio a caldo e lavorazione ottone"},"image":{"@id":"https:\/\/moval-srl.it\/de\/#\/schema\/logo\/image\/"},"sameAs":["https:\/\/www.linkedin.com\/company\/moval-srl\/about\/"]}]}},"_links":{"self":[{"href":"https:\/\/moval-srl.it\/de\/wp-json\/wp\/v2\/pages\/1380"}],"collection":[{"href":"https:\/\/moval-srl.it\/de\/wp-json\/wp\/v2\/pages"}],"about":[{"href":"https:\/\/moval-srl.it\/de\/wp-json\/wp\/v2\/types\/page"}],"author":[{"embeddable":true,"href":"https:\/\/moval-srl.it\/de\/wp-json\/wp\/v2\/users\/1"}],"replies":[{"embeddable":true,"href":"https:\/\/moval-srl.it\/de\/wp-json\/wp\/v2\/comments?post=1380"}],"version-history":[{"count":8,"href":"https:\/\/moval-srl.it\/de\/wp-json\/wp\/v2\/pages\/1380\/revisions"}],"predecessor-version":[{"id":2093,"href":"https:\/\/moval-srl.it\/de\/wp-json\/wp\/v2\/pages\/1380\/revisions\/2093"}],"wp:attachment":[{"href":"https:\/\/moval-srl.it\/de\/wp-json\/wp\/v2\/media?parent=1380"}],"curies":[{"name":"wp","href":"https:\/\/api.w.org\/{rel}","templated":true}]}}