{"id":1390,"date":"2020-02-11T07:59:15","date_gmt":"2020-02-11T07:59:15","guid":{"rendered":"https:\/\/moval-srl.it\/target\/"},"modified":"2020-06-03T14:42:36","modified_gmt":"2020-06-03T14:42:36","slug":"target","status":"publish","type":"page","link":"https:\/\/moval-srl.it\/de\/target\/","title":{"rendered":"Target"},"content":{"rendered":"<div class=\"wpb-content-wrapper\"><p>[vc_row css_animation=&#8220;&#8220; row_type=&#8220;row&#8220; use_row_as_full_screen_section=&#8220;no&#8220; type=&#8220;full_width&#8220; angled_section=&#8220;no&#8220; text_align=&#8220;left&#8220; background_image_as_pattern=&#8220;without_pattern&#8220;][vc_column][vc_empty_space height=&#8220;42px&#8220;][\/vc_column][\/vc_row][vc_row css_animation=&#8220;&#8220; row_type=&#8220;row&#8220; use_row_as_full_screen_section=&#8220;no&#8220; type=&#8220;grid&#8220; angled_section=&#8220;no&#8220; text_align=&#8220;left&#8220; background_image_as_pattern=&#8220;without_pattern&#8220; z_index=&#8220;&#8220;][vc_column width=&#8220;1\/2&#8243;][vc_column_text]<\/p>\n<h1 style=\"font-weight: 300;\">TECHNISCHES <span style=\"font-weight: 900;\">B\u00fcro<\/span><\/h1>\n<p>[\/vc_column_text][vc_empty_space height=&#8220;39px&#8220;][vc_column_text]<\/p>\n<p style=\"text-align: left;\">Die Mission von Moval ist eine wirklich spezialisierten und personalisierten Dienstleitung zu liefern.<br \/>\nUm diese Verpflichtung zu \u00fcbernehmen, m\u00fcssen wir eng mit dem Kunden, insbesondere mit Ihrem technischen B\u00fcro, zusammenarbeiten. Deswegen haben wir eine Struktur entwickelt, die die beste Zusammenarbeit zwischen unserer und Ihrer technischen Abteilung gew\u00e4hrleistet.<\/p>\n<p>[\/vc_column_text][vc_empty_space height=&#8220;39px&#8220;]<a  itemprop=\"url\" href=\"https:\/\/moval-srl.it\/de\/target\/technisches-buero\/\" target=\"_self\"  class=\"qbutton  default\" style=\"\">MEHR ERFAHREN<\/a>[vc_empty_space height=&#8220;39px&#8220;][\/vc_column][vc_column width=&#8220;1\/2&#8243;][vc_column_text]<\/p>\n<h1 style=\"font-weight: 300;\"><span style=\"font-weight: 900;\">QUALIT\u00c4TSABTEILUNG<\/span><\/h1>\n<p>[\/vc_column_text][vc_empty_space height=&#8220;39px&#8220;][vc_column_text]<\/p>\n<p style=\"text-align: left;\">Qualit\u00e4t und ihre Prozesse sind in unserer DNA enthalten. Seit der Gr\u00fcndung des Unternehmens haben wir in der Qualit\u00e4tsabteilung Optimierungs- und Verbesserungsprozesse eingeleitet, um immer h\u00f6here Standards auf der Grundlage klarer und messbarer Ziele festzulegen.<\/p>\n<p>[\/vc_column_text][vc_empty_space height=&#8220;39px&#8220;]<a  itemprop=\"url\" href=\"https:\/\/moval-srl.it\/de\/target\/qualitaetsabteilung\/\" target=\"_self\"  class=\"qbutton  default\" style=\"\">Mehr erfahren<\/a>[vc_empty_space height=&#8220;39px&#8220;][\/vc_column][\/vc_row][vc_row css_animation=&#8220;&#8220; row_type=&#8220;row&#8220; use_row_as_full_screen_section=&#8220;no&#8220; type=&#8220;full_width&#8220; angled_section=&#8220;no&#8220; text_align=&#8220;left&#8220; background_image_as_pattern=&#8220;without_pattern&#8220;][vc_column][vc_empty_space height=&#8220;72px&#8220;][\/vc_column][\/vc_row][vc_row css_animation=&#8220;&#8220; row_type=&#8220;row&#8220; use_row_as_full_screen_section=&#8220;no&#8220; type=&#8220;full_width&#8220; angled_section=&#8220;no&#8220; text_align=&#8220;left&#8220; background_image_as_pattern=&#8220;without_pattern&#8220; z_index=&#8220;&#8220; background_color=&#8220;#efefef&#8220; padding_top=&#8220;10%&#8220; padding_bottom=&#8220;10%&#8220; css=&#8220;.vc_custom_1581428280095{margin-top: -30px !important;margin-bottom: 0px !important;}&#8220;][vc_column css=&#8220;.vc_custom_1581428026495{margin-top: -60px !important;padding-right: 10% !important;padding-left: 10% !important;background-position: center !important;background-repeat: no-repeat !important;background-size: contain !important;}&#8220;][vc_empty_space height=&#8220;82px&#8220;][vc_column_text]<\/p>\n<h1 style=\"font-weight: 500; text-align: center;\">ANWENDUNGSBEREICHE<\/h1>\n<p>[\/vc_column_text][vc_empty_space height=&#8220;62px&#8220;][qode_circles columns=&#8220;four_columns&#8220; circle_line=&#8220;no_line&#8220;][qode_circle type=&#8220;image_type&#8220; title_tag=&#8220;h6&#8243; image=&#8220;1644&#8243; title=&#8220;Sanit\u00e4r, Heizung und Klima&#8220; link=&#8220;https:\/\/moval-srl.it\/de\/branchen\/sanitaer-heizung-und-klima\/&#8220;][qode_circle type=&#8220;image_type&#8220; title_tag=&#8220;h6&#8243; title=&#8220;Wasseraufbereitung&#8220; link=&#8220;https:\/\/moval-srl.it\/de\/branchen\/wasseraufbereitung\/&#8220; image=&#8220;934&#8243;][qode_circle type=&#8220;image_type&#8220; title_tag=&#8220;h6&#8243; image=&#8220;886&#8243; title=&#8220;Hochdruckreiniger&#8220; link=&#8220;https:\/\/moval-srl.it\/de\/branchen\/hochdruckreiniger\/&#8220;][qode_circle type=&#8220;image_type&#8220; title_tag=&#8220;h6&#8243; image=&#8220;921&#8243; title=&#8220;K\u00fchlung&#8220; link=&#8220;https:\/\/moval-srl.it\/de\/branchen\/kuehlung\/&#8220;][qode_circle type=&#8220;image_type&#8220; title_tag=&#8220;h6&#8243; image=&#8220;867&#8243; title=&#8220;GAS&#8220; link=&#8220;https:\/\/moval-srl.it\/de\/branchen\/gas-gpl-saldatura\/&#8220;][qode_circle type=&#8220;image_type&#8220; title_tag=&#8220;h6&#8243; title=&#8220;Brandschutz&#8220; link=&#8220;https:\/\/moval-srl.it\/de\/branchen\/brandschutz\/&#8220; image=&#8220;840&#8243;][qode_circle type=&#8220;image_type&#8220; title_tag=&#8220;h6&#8243; image=&#8220;852&#8243; title=&#8220;Automotive&#8220; link=&#8220;https:\/\/moval-srl.it\/de\/branchen\/automotive\/&#8220;][qode_circle type=&#8220;image_type&#8220; title_tag=&#8220;h6&#8243; image=&#8220;828&#8243; title=&#8220;Andere Branchen&#8220; link=&#8220;https:\/\/moval-srl.it\/de\/branchen\/andere-branchen\/&#8220;][\/qode_circles][vc_empty_space height=&#8220;82px&#8220;][\/vc_column][\/vc_row][vc_row css_animation=&#8220;&#8220; row_type=&#8220;row&#8220; use_row_as_full_screen_section=&#8220;no&#8220; type=&#8220;full_width&#8220; angled_section=&#8220;no&#8220; text_align=&#8220;left&#8220; background_image_as_pattern=&#8220;without_pattern&#8220;][vc_column]<div class=\"call_to_action normal\" style=\"background-color: #c1d101;padding-top: 35px;padding-bottom: 35px;\"><div class=\"container_inner\"><div class=\"two_columns_75_25 clearfix\"><div class=\"text_wrapper column1\"><div class=\"call_to_action_text  font_size_inherit font_weight_inherit\" style=\"font-size:16px;font-weight: 600;\">\n<p style=\"text-align: left; padding-right: 45px;\"><span style=\"color: #ffffff;\">Fordern Sie ein kostenloses Angebot an, wir werden gemeinsam Ihre Produktionsbed\u00fcrfnisse analysieren, so dass wir eine massgeschneiderte L\u00f6sung anbieten k\u00f6nnen.<\/span><\/p>\n<\/div><\/div><div class=\"button_wrapper column2\"><a itemprop=\"url\" href=\"https:\/\/moval-srl.it\/de\/angebot-anfragen\/\" class=\"qbutton white \" target=\"_self\" style=\"color: #191919;border-color: #ffffff;background-color: #ffffff;\"data-hover-background-color=#c1d101 data-hover-border-color=#ffffff data-hover-color=#ffffff>ANGEBOT ANFORDERN<\/a><\/div><\/div><\/div><\/div>[\/vc_column][\/vc_row]<\/p>\n<\/div>","protected":false},"excerpt":{"rendered":"<p>[vc_row css_animation=&#8220;&#8220; row_type=&#8220;row&#8220; use_row_as_full_screen_section=&#8220;no&#8220; type=&#8220;full_width&#8220; angled_section=&#8220;no&#8220; text_align=&#8220;left&#8220; background_image_as_pattern=&#8220;without_pattern&#8220;][vc_column][vc_empty_space height=&#8220;42px&#8220;][\/vc_column][\/vc_row][vc_row css_animation=&#8220;&#8220; row_type=&#8220;row&#8220; use_row_as_full_screen_section=&#8220;no&#8220; type=&#8220;grid&#8220; angled_section=&#8220;no&#8220; text_align=&#8220;left&#8220; background_image_as_pattern=&#8220;without_pattern&#8220; z_index=&#8220;&#8220;][vc_column width=&#8220;1\/2&#8243;][vc_column_text] TECHNISCHES B\u00fcro [\/vc_column_text][vc_empty_space height=&#8220;39px&#8220;][vc_column_text] Die Mission von Moval ist eine wirklich spezialisierten und personalisierten Dienstleitung zu liefern. Um diese Verpflichtung zu \u00fcbernehmen, m\u00fcssen wir eng mit dem&#8230;<\/p>\n","protected":false},"author":1,"featured_media":0,"parent":0,"menu_order":0,"comment_status":"closed","ping_status":"closed","template":"full_width.php","meta":{"footnotes":""},"yoast_head":"<!-- This site is optimized with the Yoast SEO plugin v24.0 - https:\/\/yoast.com\/wordpress\/plugins\/seo\/ -->\n<title>Dialog mit dem Kunden, um einen presonalisierten Service zu bieten<\/title>\n<meta name=\"description\" content=\"Mit dem Kunden im Dialog stehen, bedeutet wirklich ma\u00dfgeschneiderte warmgepressten Messingteile zu entwickeln, die genau auf die Bed\u00fcrfnisse des Kunden ma\u00dfgeschneidert sind\" \/>\n<meta name=\"robots\" content=\"index, follow, max-snippet:-1, max-image-preview:large, max-video-preview:-1\" \/>\n<link rel=\"canonical\" href=\"https:\/\/moval-srl.it\/de\/target\/\" \/>\n<meta property=\"og:locale\" content=\"de_DE\" \/>\n<meta property=\"og:type\" content=\"article\" \/>\n<meta property=\"og:title\" content=\"Dialog mit dem Kunden, um einen presonalisierten Service zu bieten\" \/>\n<meta property=\"og:description\" content=\"Mit dem Kunden im Dialog stehen, bedeutet wirklich ma\u00dfgeschneiderte warmgepressten Messingteile zu entwickeln, die genau auf die Bed\u00fcrfnisse des Kunden ma\u00dfgeschneidert sind\" \/>\n<meta property=\"og:url\" content=\"https:\/\/moval-srl.it\/de\/target\/\" \/>\n<meta property=\"og:site_name\" content=\"Moval - Bespoke brass\" \/>\n<meta property=\"article:modified_time\" content=\"2020-06-03T14:42:36+00:00\" \/>\n<meta name=\"twitter:card\" content=\"summary_large_image\" \/>\n<meta name=\"twitter:label1\" content=\"Gesch\u00e4tzte Lesezeit\" \/>\n\t<meta name=\"twitter:data1\" content=\"3\u00a0Minuten\" \/>\n<script type=\"application\/ld+json\" class=\"yoast-schema-graph\">{\"@context\":\"https:\/\/schema.org\",\"@graph\":[{\"@type\":\"WebPage\",\"@id\":\"https:\/\/moval-srl.it\/de\/target\/\",\"url\":\"https:\/\/moval-srl.it\/de\/target\/\",\"name\":\"Dialog mit dem Kunden, um einen presonalisierten Service zu bieten\",\"isPartOf\":{\"@id\":\"https:\/\/moval-srl.it\/de\/#website\"},\"datePublished\":\"2020-02-11T07:59:15+00:00\",\"dateModified\":\"2020-06-03T14:42:36+00:00\",\"description\":\"Mit dem Kunden im Dialog stehen, bedeutet wirklich ma\u00dfgeschneiderte warmgepressten Messingteile zu entwickeln, die genau auf die Bed\u00fcrfnisse des Kunden ma\u00dfgeschneidert sind\",\"breadcrumb\":{\"@id\":\"https:\/\/moval-srl.it\/de\/target\/#breadcrumb\"},\"inLanguage\":\"de\",\"potentialAction\":[{\"@type\":\"ReadAction\",\"target\":[\"https:\/\/moval-srl.it\/de\/target\/\"]}]},{\"@type\":\"BreadcrumbList\",\"@id\":\"https:\/\/moval-srl.it\/de\/target\/#breadcrumb\",\"itemListElement\":[{\"@type\":\"ListItem\",\"position\":1,\"name\":\"Home\",\"item\":\"https:\/\/moval-srl.it\/de\/\"},{\"@type\":\"ListItem\",\"position\":2,\"name\":\"Target\"}]},{\"@type\":\"WebSite\",\"@id\":\"https:\/\/moval-srl.it\/de\/#website\",\"url\":\"https:\/\/moval-srl.it\/de\/\",\"name\":\"Moval - Bespoke brass\",\"description\":\"Componenti personalizzati in ottone\",\"publisher\":{\"@id\":\"https:\/\/moval-srl.it\/de\/#organization\"},\"potentialAction\":[{\"@type\":\"SearchAction\",\"target\":{\"@type\":\"EntryPoint\",\"urlTemplate\":\"https:\/\/moval-srl.it\/de\/?s={search_term_string}\"},\"query-input\":{\"@type\":\"PropertyValueSpecification\",\"valueRequired\":true,\"valueName\":\"search_term_string\"}}],\"inLanguage\":\"de\"},{\"@type\":\"Organization\",\"@id\":\"https:\/\/moval-srl.it\/de\/#organization\",\"name\":\"Moval srl - Stampaggio a caldo e lavorazione ottone\",\"url\":\"https:\/\/moval-srl.it\/de\/\",\"logo\":{\"@type\":\"ImageObject\",\"inLanguage\":\"de\",\"@id\":\"https:\/\/moval-srl.it\/de\/#\/schema\/logo\/image\/\",\"url\":\"https:\/\/moval-srl.it\/wp-content\/uploads\/2019\/12\/moval-brass-components.png\",\"contentUrl\":\"https:\/\/moval-srl.it\/wp-content\/uploads\/2019\/12\/moval-brass-components.png\",\"width\":220,\"height\":90,\"caption\":\"Moval srl - Stampaggio a caldo e lavorazione ottone\"},\"image\":{\"@id\":\"https:\/\/moval-srl.it\/de\/#\/schema\/logo\/image\/\"},\"sameAs\":[\"https:\/\/www.linkedin.com\/company\/moval-srl\/about\/\"]}]}<\/script>\n<!-- \/ Yoast SEO plugin. -->","yoast_head_json":{"title":"Dialog mit dem Kunden, um einen presonalisierten Service zu bieten","description":"Mit dem Kunden im Dialog stehen, bedeutet wirklich ma\u00dfgeschneiderte warmgepressten Messingteile zu entwickeln, die genau auf die Bed\u00fcrfnisse des Kunden ma\u00dfgeschneidert sind","robots":{"index":"index","follow":"follow","max-snippet":"max-snippet:-1","max-image-preview":"max-image-preview:large","max-video-preview":"max-video-preview:-1"},"canonical":"https:\/\/moval-srl.it\/de\/target\/","og_locale":"de_DE","og_type":"article","og_title":"Dialog mit dem Kunden, um einen presonalisierten Service zu bieten","og_description":"Mit dem Kunden im Dialog stehen, bedeutet wirklich ma\u00dfgeschneiderte warmgepressten Messingteile zu entwickeln, die genau auf die Bed\u00fcrfnisse des Kunden ma\u00dfgeschneidert sind","og_url":"https:\/\/moval-srl.it\/de\/target\/","og_site_name":"Moval - Bespoke brass","article_modified_time":"2020-06-03T14:42:36+00:00","twitter_card":"summary_large_image","twitter_misc":{"Gesch\u00e4tzte Lesezeit":"3\u00a0Minuten"},"schema":{"@context":"https:\/\/schema.org","@graph":[{"@type":"WebPage","@id":"https:\/\/moval-srl.it\/de\/target\/","url":"https:\/\/moval-srl.it\/de\/target\/","name":"Dialog mit dem Kunden, um einen presonalisierten Service zu bieten","isPartOf":{"@id":"https:\/\/moval-srl.it\/de\/#website"},"datePublished":"2020-02-11T07:59:15+00:00","dateModified":"2020-06-03T14:42:36+00:00","description":"Mit dem Kunden im Dialog stehen, bedeutet wirklich ma\u00dfgeschneiderte warmgepressten Messingteile zu entwickeln, die genau auf die Bed\u00fcrfnisse des Kunden ma\u00dfgeschneidert sind","breadcrumb":{"@id":"https:\/\/moval-srl.it\/de\/target\/#breadcrumb"},"inLanguage":"de","potentialAction":[{"@type":"ReadAction","target":["https:\/\/moval-srl.it\/de\/target\/"]}]},{"@type":"BreadcrumbList","@id":"https:\/\/moval-srl.it\/de\/target\/#breadcrumb","itemListElement":[{"@type":"ListItem","position":1,"name":"Home","item":"https:\/\/moval-srl.it\/de\/"},{"@type":"ListItem","position":2,"name":"Target"}]},{"@type":"WebSite","@id":"https:\/\/moval-srl.it\/de\/#website","url":"https:\/\/moval-srl.it\/de\/","name":"Moval - Bespoke brass","description":"Componenti personalizzati in ottone","publisher":{"@id":"https:\/\/moval-srl.it\/de\/#organization"},"potentialAction":[{"@type":"SearchAction","target":{"@type":"EntryPoint","urlTemplate":"https:\/\/moval-srl.it\/de\/?s={search_term_string}"},"query-input":{"@type":"PropertyValueSpecification","valueRequired":true,"valueName":"search_term_string"}}],"inLanguage":"de"},{"@type":"Organization","@id":"https:\/\/moval-srl.it\/de\/#organization","name":"Moval srl - Stampaggio a caldo e lavorazione ottone","url":"https:\/\/moval-srl.it\/de\/","logo":{"@type":"ImageObject","inLanguage":"de","@id":"https:\/\/moval-srl.it\/de\/#\/schema\/logo\/image\/","url":"https:\/\/moval-srl.it\/wp-content\/uploads\/2019\/12\/moval-brass-components.png","contentUrl":"https:\/\/moval-srl.it\/wp-content\/uploads\/2019\/12\/moval-brass-components.png","width":220,"height":90,"caption":"Moval srl - Stampaggio a caldo e lavorazione ottone"},"image":{"@id":"https:\/\/moval-srl.it\/de\/#\/schema\/logo\/image\/"},"sameAs":["https:\/\/www.linkedin.com\/company\/moval-srl\/about\/"]}]}},"_links":{"self":[{"href":"https:\/\/moval-srl.it\/de\/wp-json\/wp\/v2\/pages\/1390"}],"collection":[{"href":"https:\/\/moval-srl.it\/de\/wp-json\/wp\/v2\/pages"}],"about":[{"href":"https:\/\/moval-srl.it\/de\/wp-json\/wp\/v2\/types\/page"}],"author":[{"embeddable":true,"href":"https:\/\/moval-srl.it\/de\/wp-json\/wp\/v2\/users\/1"}],"replies":[{"embeddable":true,"href":"https:\/\/moval-srl.it\/de\/wp-json\/wp\/v2\/comments?post=1390"}],"version-history":[{"count":6,"href":"https:\/\/moval-srl.it\/de\/wp-json\/wp\/v2\/pages\/1390\/revisions"}],"predecessor-version":[{"id":1912,"href":"https:\/\/moval-srl.it\/de\/wp-json\/wp\/v2\/pages\/1390\/revisions\/1912"}],"wp:attachment":[{"href":"https:\/\/moval-srl.it\/de\/wp-json\/wp\/v2\/media?parent=1390"}],"curies":[{"name":"wp","href":"https:\/\/api.w.org\/{rel}","templated":true}]}}