{"id":1456,"date":"2020-02-18T10:42:33","date_gmt":"2020-02-18T10:42:33","guid":{"rendered":"https:\/\/moval-srl.it\/target\/moval-per-ufficio-qualita\/"},"modified":"2020-06-03T16:18:36","modified_gmt":"2020-06-03T16:18:36","slug":"qualitaetsabteilung","status":"publish","type":"page","link":"https:\/\/moval-srl.it\/de\/target\/qualitaetsabteilung\/","title":{"rendered":"Target"},"content":{"rendered":"<div class=\"wpb-content-wrapper\"><p>[vc_row css_animation=&#8220;&#8220; row_type=&#8220;row&#8220; use_row_as_full_screen_section=&#8220;no&#8220; type=&#8220;full_width&#8220; angled_section=&#8220;no&#8220; text_align=&#8220;left&#8220; background_image_as_pattern=&#8220;without_pattern&#8220;][vc_column][vc_empty_space height=&#8220;42px&#8220;][\/vc_column][\/vc_row][vc_row css_animation=&#8220;&#8220; row_type=&#8220;row&#8220; use_row_as_full_screen_section=&#8220;no&#8220; type=&#8220;grid&#8220; angled_section=&#8220;no&#8220; text_align=&#8220;left&#8220; background_image_as_pattern=&#8220;without_pattern&#8220; z_index=&#8220;&#8220;][vc_column width=&#8220;5\/6&#8243;][vc_empty_space height=&#8220;39px&#8220;][vc_column_text]<\/p>\n<p style=\"text-align: left;\">Qualit\u00e4t und ihre Prozesse sind in unserer DNA enthalten. Seit der Gr\u00fcndung des Unternehmens haben wir in der Qualit\u00e4tsabteilung Optimierungs- und Verbesserungsprozesse eingeleitet, um immer h\u00f6here Standards auf der Grundlage klarer und messbarer Ziele festzulegen.<\/p>\n<p>[\/vc_column_text][vc_empty_space height=&#8220;69px&#8220;][\/vc_column][vc_column width=&#8220;1\/6&#8243;][\/vc_column][\/vc_row][vc_row css_animation=&#8220;&#8220; row_type=&#8220;row&#8220; use_row_as_full_screen_section=&#8220;no&#8220; type=&#8220;grid&#8220; angled_section=&#8220;no&#8220; text_align=&#8220;left&#8220; background_image_as_pattern=&#8220;without_pattern&#8220; el_class=&#8220;row-with-separator&#8220; z_index=&#8220;&#8220; css=&#8220;.vc_custom_1581427961147{margin-top: 0px !important;}&#8220;][vc_column css=&#8220;.vc_custom_1581416357792{margin-top: 0px !important;margin-right: 0px !important;margin-bottom: 0px !important;margin-left: 0px !important;padding-right: 0px !important;padding-left: 0px !important;}&#8220;][qode_elements_holder number_of_columns=&#8220;two_columns&#8220; columns_proportion=&#8220;75_25&#8243; switch_to_one_column=&#8220;768&#8243;][qode_elements_holder_item vertical_alignment=&#8220;top&#8220; advanced_animations=&#8220;no&#8220; background_image=&#8220;37&#8243; item_padding=&#8220;0% 5%&#8220; item_padding_1280_1440=&#8220;0% 5%&#8220; item_padding_1024_1280=&#8220;0% 5%&#8220; item_padding_768_1024=&#8220;0% 5%&#8220; item_padding_600_768=&#8220;0% 5%&#8220; item_padding_480_600=&#8220;2% 1%&#8220; item_padding_480=&#8220;2% 1%&#8220;][vc_column_text]<\/p>\n<h1 style=\"font-weight: 300;\">[vc_separator type=&#8220;small&#8220; position=&#8220;left&#8220; color=&#8220;#c1d101&#8243; thickness=&#8220;2&#8243; width=&#8220;100&#8243; down=&#8220;15&#8243;]EINGANGS- UND AUSGANGSPR\u00dcFUNGEN<\/h1>\n<p>[\/vc_column_text][vc_empty_space height=&#8220;39px&#8220;][vc_column_text]<\/p>\n<p style=\"margin-left: 8%; margin-right: 12%;\">Um ein hervorragendes Ergebnis zu erzielen, f\u00fchren wir interne Audits des Rohmaterials durch. Aus diesem Grund w\u00e4hlen wir zertifizierte Messinglieferanten von h\u00f6chster Qualit\u00e4t aus und verfolgen das Material w\u00e4hrend des gesamten Produktionsprozesses. Unser metallografisches Labor verf\u00fcgt \u00fcber modernste Ger\u00e4te, um die Eigenschaften und die chemische Zusammensetzung der Materialien bestm\u00f6glich zu testen, die Qualit\u00e4t der hergestellten Komponenten zu gew\u00e4hrleisten und eventuell technische Gutachten durchzuf\u00fchren.<\/p>\n<p>[\/vc_column_text][vc_empty_space height=&#8220;69px&#8220;][vc_column_text]<\/p>\n<h1 style=\"font-weight: 300;\">[vc_separator type=&#8220;small&#8220; position=&#8220;left&#8220; color=&#8220;#c1d101&#8243; thickness=&#8220;2&#8243; width=&#8220;100&#8243; down=&#8220;15&#8243;]METROLOGISCHE PR\u00dcFUNGEN<\/h1>\n<p>[\/vc_column_text][vc_empty_space height=&#8220;39px&#8220;][vc_column_text]<\/p>\n<p style=\"margin-left: 8%; margin-right: 12%;\">Wir definieren mit dem technischen B\u00fcro und dem Qualit\u00e4tsb\u00fcro unserer Kunden alle Eigenschaften und Funktionen der Komponente, die wir herstellen werden. Wir teilen die Kontrolle \u00fcber bestimmte Ma\u00dfe und Oberfl\u00e4chen, indem wir die Messungen und \u00dcberpr\u00fcfungen dokumentieren, die gem\u00e4\u00df einer vereinbarten statistischen Frequenz durchgef\u00fchrt werden. Die Kontrollen, die dank Pr\u00e4zisionsinstrumenten von qualifiziertem und ausgebildetem Personal durchgef\u00fchrt werden, erm\u00f6glichen es, stets ein hohes Qualit\u00e4tsniveau aufrechtzuerhalten und m\u00f6glicherweise w\u00e4hrend der Produktionsphase Korrekturma\u00dfnahmen zu ergreifen.<\/p>\n<p>[\/vc_column_text][vc_empty_space height=&#8220;69px&#8220;][vc_column_text]<\/p>\n<h1 style=\"font-weight: 300;\">[vc_separator type=&#8220;small&#8220; position=&#8220;left&#8220; color=&#8220;#c1d101&#8243; thickness=&#8220;2&#8243; width=&#8220;100&#8243; down=&#8220;15&#8243;]ZERTIFIZIERTER PROZESS<\/h1>\n<p>[\/vc_column_text][vc_empty_space height=&#8220;39px&#8220;][vc_column_text]<\/p>\n<p style=\"margin-left: 8%; margin-right: 12%;\">Wir sind seit 2002 nach UNI EN ISO 9001 zertifiziert, um einen stets nachvorzielbaren Produktionsprozess zu gew\u00e4hrleisten. Jedes produzierte Los wird dokumentiert und von unserem Qualit\u00e4tssystem verwaltet: auch dieses in st\u00e4ndiger Weiterentwicklung und Verbesserung und unter st\u00e4ndiger Kontrolle der Gesch\u00e4ftsf\u00fchrung.<\/p>\n<p>[\/vc_column_text][\/qode_elements_holder_item][qode_elements_holder_item vertical_alignment=&#8220;top&#8220; advanced_animations=&#8220;no&#8220; item_padding=&#8220;20% 5%&#8220; item_padding_1280_1440=&#8220;20% 5%&#8220; item_padding_1024_1280=&#8220;20% 5%&#8220; item_padding_768_1024=&#8220;20% 5%&#8220; item_padding_600_768=&#8220;20% 5%&#8220; item_padding_480_600=&#8220;6% 1%&#8220; item_padding_480=&#8220;5% 1%&#8220;][\/qode_elements_holder_item][\/qode_elements_holder][\/vc_column][\/vc_row][vc_row css_animation=&#8220;&#8220; row_type=&#8220;row&#8220; use_row_as_full_screen_section=&#8220;no&#8220; type=&#8220;full_width&#8220; angled_section=&#8220;no&#8220; text_align=&#8220;left&#8220; background_image_as_pattern=&#8220;without_pattern&#8220;][vc_column][vc_empty_space height=&#8220;72px&#8220;][\/vc_column][\/vc_row][vc_row css_animation=&#8220;&#8220; row_type=&#8220;row&#8220; use_row_as_full_screen_section=&#8220;no&#8220; type=&#8220;full_width&#8220; angled_section=&#8220;no&#8220; text_align=&#8220;left&#8220; background_image_as_pattern=&#8220;without_pattern&#8220; z_index=&#8220;&#8220; background_color=&#8220;#efefef&#8220; padding_top=&#8220;10%&#8220; padding_bottom=&#8220;10%&#8220; css=&#8220;.vc_custom_1581428280095{margin-top: -30px !important;margin-bottom: 0px !important;}&#8220;][vc_column css=&#8220;.vc_custom_1581428026495{margin-top: -60px !important;padding-right: 10% !important;padding-left: 10% !important;background-position: center !important;background-repeat: no-repeat !important;background-size: contain !important;}&#8220;][vc_empty_space height=&#8220;82px&#8220;][vc_column_text]<\/p>\n<h1 style=\"font-weight: 500; text-align: center;\">ANWENDUNGSBEREICHE<\/h1>\n<p>[\/vc_column_text][vc_empty_space height=&#8220;62px&#8220;][qode_circles columns=&#8220;four_columns&#8220; circle_line=&#8220;no_line&#8220;][qode_circle type=&#8220;image_type&#8220; title_tag=&#8220;h6&#8243; image=&#8220;1644&#8243; title=&#8220;Sanit\u00e4r, Heizung und Klima&#8220; link=&#8220;https:\/\/moval-srl.it\/de\/branchen\/sanitaer-heizung-und-klima\/&#8220;][qode_circle type=&#8220;image_type&#8220; title_tag=&#8220;h6&#8243; title=&#8220;Wasseraufbereitung&#8220; link=&#8220;https:\/\/moval-srl.it\/de\/branchen\/wasseraufbereitung\/&#8220; image=&#8220;934&#8243;][qode_circle type=&#8220;image_type&#8220; title_tag=&#8220;h6&#8243; image=&#8220;886&#8243; title=&#8220;Hochdruckreiniger&#8220; link=&#8220;https:\/\/moval-srl.it\/de\/branchen\/hochdruckreiniger\/&#8220;][qode_circle type=&#8220;image_type&#8220; title_tag=&#8220;h6&#8243; image=&#8220;921&#8243; title=&#8220;K\u00fchlung&#8220; link=&#8220;https:\/\/moval-srl.it\/de\/branchen\/kuehlung\/&#8220;][qode_circle type=&#8220;image_type&#8220; title_tag=&#8220;h6&#8243; image=&#8220;867&#8243; title=&#8220;GAS&#8220; link=&#8220;https:\/\/moval-srl.it\/de\/branchen\/gas-gpl-saldatura\/&#8220;][qode_circle type=&#8220;image_type&#8220; title_tag=&#8220;h6&#8243; title=&#8220;Brandschutz&#8220; link=&#8220;https:\/\/moval-srl.it\/de\/branchen\/brandschutz\/&#8220; image=&#8220;840&#8243;][qode_circle type=&#8220;image_type&#8220; title_tag=&#8220;h6&#8243; image=&#8220;852&#8243; title=&#8220;Automotive&#8220; link=&#8220;https:\/\/moval-srl.it\/de\/branchen\/automotive\/&#8220;][qode_circle type=&#8220;image_type&#8220; title_tag=&#8220;h6&#8243; image=&#8220;828&#8243; title=&#8220;Andere Branchen&#8220; link=&#8220;https:\/\/moval-srl.it\/de\/branchen\/andere-branchen\/&#8220;][\/qode_circles][vc_empty_space height=&#8220;82px&#8220;][\/vc_column][\/vc_row][vc_row css_animation=&#8220;&#8220; row_type=&#8220;row&#8220; use_row_as_full_screen_section=&#8220;no&#8220; type=&#8220;full_width&#8220; angled_section=&#8220;no&#8220; text_align=&#8220;left&#8220; background_image_as_pattern=&#8220;without_pattern&#8220;][vc_column]<div class=\"call_to_action normal\" style=\"background-color: #c1d101;padding-top: 35px;padding-bottom: 35px;\"><div class=\"container_inner\"><div class=\"two_columns_75_25 clearfix\"><div class=\"text_wrapper column1\"><div class=\"call_to_action_text  font_size_inherit font_weight_inherit\" style=\"font-size:16px;font-weight: 600;\">\n<p style=\"text-align: left; padding-right: 45px;\"><span style=\"color: #ffffff;\">Fordern Sie ein kostenloses Angebot an, wir werden gemeinsam Ihre Produktionsbed\u00fcrfnisse analysieren, so dass wir eine massgeschneiderte L\u00f6sung anbieten k\u00f6nnen.<\/span><\/p>\n<\/div><\/div><div class=\"button_wrapper column2\"><a itemprop=\"url\" href=\"https:\/\/moval-srl.it\/de\/angebot-anfragen\/\" class=\"qbutton white \" target=\"_self\" style=\"color: #191919;border-color: #ffffff;background-color: #ffffff;\"data-hover-background-color=#c1d101 data-hover-border-color=#ffffff data-hover-color=#ffffff>ANGEBOT ANFORDERN<\/a><\/div><\/div><\/div><\/div>[\/vc_column][\/vc_row]<\/p>\n<\/div>","protected":false},"excerpt":{"rendered":"<p>[vc_row css_animation=&#8220;&#8220; row_type=&#8220;row&#8220; use_row_as_full_screen_section=&#8220;no&#8220; type=&#8220;full_width&#8220; angled_section=&#8220;no&#8220; text_align=&#8220;left&#8220; background_image_as_pattern=&#8220;without_pattern&#8220;][vc_column][vc_empty_space height=&#8220;42px&#8220;][\/vc_column][\/vc_row][vc_row css_animation=&#8220;&#8220; row_type=&#8220;row&#8220; use_row_as_full_screen_section=&#8220;no&#8220; type=&#8220;grid&#8220; angled_section=&#8220;no&#8220; text_align=&#8220;left&#8220; background_image_as_pattern=&#8220;without_pattern&#8220; z_index=&#8220;&#8220;][vc_column width=&#8220;5\/6&#8243;][vc_empty_space height=&#8220;39px&#8220;][vc_column_text] Qualit\u00e4t und ihre Prozesse sind in unserer DNA enthalten. Seit der Gr\u00fcndung des Unternehmens haben wir in der Qualit\u00e4tsabteilung Optimierungs- und Verbesserungsprozesse eingeleitet, um immer h\u00f6here&#8230;<\/p>\n","protected":false},"author":1,"featured_media":0,"parent":1390,"menu_order":0,"comment_status":"closed","ping_status":"closed","template":"full_width.php","meta":{"footnotes":""},"yoast_head":"<!-- This site is optimized with the Yoast SEO plugin v24.0 - https:\/\/yoast.com\/wordpress\/plugins\/seo\/ -->\n<title>Moval zur Unterst\u00fctzung von Ihrer Qualit\u00e4tssicherung<\/title>\n<meta name=\"description\" content=\"Wir kennen die Bed\u00fcrfnisse der Qualit\u00e4tssicherung und wissen, wie wir sie bei der Verwaltung des gesamten Qualit\u00e4tsprozesses unterst\u00fctzen k\u00f6nnen\" \/>\n<meta name=\"robots\" content=\"index, follow, max-snippet:-1, max-image-preview:large, max-video-preview:-1\" \/>\n<link rel=\"canonical\" href=\"https:\/\/moval-srl.it\/de\/target\/qualitaetsabteilung\/\" \/>\n<meta property=\"og:locale\" content=\"de_DE\" \/>\n<meta property=\"og:type\" content=\"article\" \/>\n<meta property=\"og:title\" content=\"Moval zur Unterst\u00fctzung von Ihrer Qualit\u00e4tssicherung\" \/>\n<meta property=\"og:description\" content=\"Wir kennen die Bed\u00fcrfnisse der Qualit\u00e4tssicherung und wissen, wie wir sie bei der Verwaltung des gesamten Qualit\u00e4tsprozesses unterst\u00fctzen k\u00f6nnen\" \/>\n<meta property=\"og:url\" content=\"https:\/\/moval-srl.it\/de\/target\/qualitaetsabteilung\/\" \/>\n<meta property=\"og:site_name\" content=\"Moval - Bespoke brass\" \/>\n<meta property=\"article:modified_time\" content=\"2020-06-03T16:18:36+00:00\" \/>\n<meta name=\"twitter:card\" content=\"summary_large_image\" \/>\n<meta name=\"twitter:label1\" content=\"Gesch\u00e4tzte Lesezeit\" \/>\n\t<meta name=\"twitter:data1\" content=\"5\u00a0Minuten\" \/>\n<script type=\"application\/ld+json\" class=\"yoast-schema-graph\">{\"@context\":\"https:\/\/schema.org\",\"@graph\":[{\"@type\":\"WebPage\",\"@id\":\"https:\/\/moval-srl.it\/de\/target\/qualitaetsabteilung\/\",\"url\":\"https:\/\/moval-srl.it\/de\/target\/qualitaetsabteilung\/\",\"name\":\"Moval zur Unterst\u00fctzung von Ihrer Qualit\u00e4tssicherung\",\"isPartOf\":{\"@id\":\"https:\/\/moval-srl.it\/de\/#website\"},\"datePublished\":\"2020-02-18T10:42:33+00:00\",\"dateModified\":\"2020-06-03T16:18:36+00:00\",\"description\":\"Wir kennen die Bed\u00fcrfnisse der Qualit\u00e4tssicherung und wissen, wie wir sie bei der Verwaltung des gesamten Qualit\u00e4tsprozesses unterst\u00fctzen k\u00f6nnen\",\"breadcrumb\":{\"@id\":\"https:\/\/moval-srl.it\/de\/target\/qualitaetsabteilung\/#breadcrumb\"},\"inLanguage\":\"de\",\"potentialAction\":[{\"@type\":\"ReadAction\",\"target\":[\"https:\/\/moval-srl.it\/de\/target\/qualitaetsabteilung\/\"]}]},{\"@type\":\"BreadcrumbList\",\"@id\":\"https:\/\/moval-srl.it\/de\/target\/qualitaetsabteilung\/#breadcrumb\",\"itemListElement\":[{\"@type\":\"ListItem\",\"position\":1,\"name\":\"Home\",\"item\":\"https:\/\/moval-srl.it\/de\/\"},{\"@type\":\"ListItem\",\"position\":2,\"name\":\"Target\",\"item\":\"https:\/\/moval-srl.it\/de\/target\/\"},{\"@type\":\"ListItem\",\"position\":3,\"name\":\"Qualit\u00e4tsabteilung\"}]},{\"@type\":\"WebSite\",\"@id\":\"https:\/\/moval-srl.it\/de\/#website\",\"url\":\"https:\/\/moval-srl.it\/de\/\",\"name\":\"Moval - Bespoke brass\",\"description\":\"Componenti personalizzati in ottone\",\"publisher\":{\"@id\":\"https:\/\/moval-srl.it\/de\/#organization\"},\"potentialAction\":[{\"@type\":\"SearchAction\",\"target\":{\"@type\":\"EntryPoint\",\"urlTemplate\":\"https:\/\/moval-srl.it\/de\/?s={search_term_string}\"},\"query-input\":{\"@type\":\"PropertyValueSpecification\",\"valueRequired\":true,\"valueName\":\"search_term_string\"}}],\"inLanguage\":\"de\"},{\"@type\":\"Organization\",\"@id\":\"https:\/\/moval-srl.it\/de\/#organization\",\"name\":\"Moval srl - Stampaggio a caldo e lavorazione ottone\",\"url\":\"https:\/\/moval-srl.it\/de\/\",\"logo\":{\"@type\":\"ImageObject\",\"inLanguage\":\"de\",\"@id\":\"https:\/\/moval-srl.it\/de\/#\/schema\/logo\/image\/\",\"url\":\"https:\/\/moval-srl.it\/wp-content\/uploads\/2019\/12\/moval-brass-components.png\",\"contentUrl\":\"https:\/\/moval-srl.it\/wp-content\/uploads\/2019\/12\/moval-brass-components.png\",\"width\":220,\"height\":90,\"caption\":\"Moval srl - Stampaggio a caldo e lavorazione ottone\"},\"image\":{\"@id\":\"https:\/\/moval-srl.it\/de\/#\/schema\/logo\/image\/\"},\"sameAs\":[\"https:\/\/www.linkedin.com\/company\/moval-srl\/about\/\"]}]}<\/script>\n<!-- \/ Yoast SEO plugin. -->","yoast_head_json":{"title":"Moval zur Unterst\u00fctzung von Ihrer Qualit\u00e4tssicherung","description":"Wir kennen die Bed\u00fcrfnisse der Qualit\u00e4tssicherung und wissen, wie wir sie bei der Verwaltung des gesamten Qualit\u00e4tsprozesses unterst\u00fctzen k\u00f6nnen","robots":{"index":"index","follow":"follow","max-snippet":"max-snippet:-1","max-image-preview":"max-image-preview:large","max-video-preview":"max-video-preview:-1"},"canonical":"https:\/\/moval-srl.it\/de\/target\/qualitaetsabteilung\/","og_locale":"de_DE","og_type":"article","og_title":"Moval zur Unterst\u00fctzung von Ihrer Qualit\u00e4tssicherung","og_description":"Wir kennen die Bed\u00fcrfnisse der Qualit\u00e4tssicherung und wissen, wie wir sie bei der Verwaltung des gesamten Qualit\u00e4tsprozesses unterst\u00fctzen k\u00f6nnen","og_url":"https:\/\/moval-srl.it\/de\/target\/qualitaetsabteilung\/","og_site_name":"Moval - Bespoke brass","article_modified_time":"2020-06-03T16:18:36+00:00","twitter_card":"summary_large_image","twitter_misc":{"Gesch\u00e4tzte Lesezeit":"5\u00a0Minuten"},"schema":{"@context":"https:\/\/schema.org","@graph":[{"@type":"WebPage","@id":"https:\/\/moval-srl.it\/de\/target\/qualitaetsabteilung\/","url":"https:\/\/moval-srl.it\/de\/target\/qualitaetsabteilung\/","name":"Moval zur Unterst\u00fctzung von Ihrer Qualit\u00e4tssicherung","isPartOf":{"@id":"https:\/\/moval-srl.it\/de\/#website"},"datePublished":"2020-02-18T10:42:33+00:00","dateModified":"2020-06-03T16:18:36+00:00","description":"Wir kennen die Bed\u00fcrfnisse der Qualit\u00e4tssicherung und wissen, wie wir sie bei der Verwaltung des gesamten Qualit\u00e4tsprozesses unterst\u00fctzen k\u00f6nnen","breadcrumb":{"@id":"https:\/\/moval-srl.it\/de\/target\/qualitaetsabteilung\/#breadcrumb"},"inLanguage":"de","potentialAction":[{"@type":"ReadAction","target":["https:\/\/moval-srl.it\/de\/target\/qualitaetsabteilung\/"]}]},{"@type":"BreadcrumbList","@id":"https:\/\/moval-srl.it\/de\/target\/qualitaetsabteilung\/#breadcrumb","itemListElement":[{"@type":"ListItem","position":1,"name":"Home","item":"https:\/\/moval-srl.it\/de\/"},{"@type":"ListItem","position":2,"name":"Target","item":"https:\/\/moval-srl.it\/de\/target\/"},{"@type":"ListItem","position":3,"name":"Qualit\u00e4tsabteilung"}]},{"@type":"WebSite","@id":"https:\/\/moval-srl.it\/de\/#website","url":"https:\/\/moval-srl.it\/de\/","name":"Moval - Bespoke brass","description":"Componenti personalizzati in ottone","publisher":{"@id":"https:\/\/moval-srl.it\/de\/#organization"},"potentialAction":[{"@type":"SearchAction","target":{"@type":"EntryPoint","urlTemplate":"https:\/\/moval-srl.it\/de\/?s={search_term_string}"},"query-input":{"@type":"PropertyValueSpecification","valueRequired":true,"valueName":"search_term_string"}}],"inLanguage":"de"},{"@type":"Organization","@id":"https:\/\/moval-srl.it\/de\/#organization","name":"Moval srl - Stampaggio a caldo e lavorazione ottone","url":"https:\/\/moval-srl.it\/de\/","logo":{"@type":"ImageObject","inLanguage":"de","@id":"https:\/\/moval-srl.it\/de\/#\/schema\/logo\/image\/","url":"https:\/\/moval-srl.it\/wp-content\/uploads\/2019\/12\/moval-brass-components.png","contentUrl":"https:\/\/moval-srl.it\/wp-content\/uploads\/2019\/12\/moval-brass-components.png","width":220,"height":90,"caption":"Moval srl - Stampaggio a caldo e lavorazione ottone"},"image":{"@id":"https:\/\/moval-srl.it\/de\/#\/schema\/logo\/image\/"},"sameAs":["https:\/\/www.linkedin.com\/company\/moval-srl\/about\/"]}]}},"_links":{"self":[{"href":"https:\/\/moval-srl.it\/de\/wp-json\/wp\/v2\/pages\/1456"}],"collection":[{"href":"https:\/\/moval-srl.it\/de\/wp-json\/wp\/v2\/pages"}],"about":[{"href":"https:\/\/moval-srl.it\/de\/wp-json\/wp\/v2\/types\/page"}],"author":[{"embeddable":true,"href":"https:\/\/moval-srl.it\/de\/wp-json\/wp\/v2\/users\/1"}],"replies":[{"embeddable":true,"href":"https:\/\/moval-srl.it\/de\/wp-json\/wp\/v2\/comments?post=1456"}],"version-history":[{"count":6,"href":"https:\/\/moval-srl.it\/de\/wp-json\/wp\/v2\/pages\/1456\/revisions"}],"predecessor-version":[{"id":1914,"href":"https:\/\/moval-srl.it\/de\/wp-json\/wp\/v2\/pages\/1456\/revisions\/1914"}],"up":[{"embeddable":true,"href":"https:\/\/moval-srl.it\/de\/wp-json\/wp\/v2\/pages\/1390"}],"wp:attachment":[{"href":"https:\/\/moval-srl.it\/de\/wp-json\/wp\/v2\/media?parent=1456"}],"curies":[{"name":"wp","href":"https:\/\/api.w.org\/{rel}","templated":true}]}}