{"id":2371,"date":"2020-11-18T16:26:41","date_gmt":"2020-11-18T14:26:41","guid":{"rendered":"https:\/\/moval-srl.it\/documenti\/"},"modified":"2025-09-24T12:43:01","modified_gmt":"2025-09-24T10:43:01","slug":"dokumente","status":"publish","type":"page","link":"https:\/\/moval-srl.it\/de\/dokumente\/","title":{"rendered":"Dokumente"},"content":{"rendered":"<div class=\"wpb-content-wrapper\"><p>[vc_row css_animation=&#8220;&#8220; row_type=&#8220;row&#8220; use_row_as_full_screen_section=&#8220;no&#8220; type=&#8220;grid&#8220; angled_section=&#8220;no&#8220; text_align=&#8220;left&#8220; background_image_as_pattern=&#8220;without_pattern&#8220; z_index=&#8220;&#8220;][vc_column][vc_empty_space height=&#8220;62px&#8220;][vc_column_text]<\/p>\n<h1 style=\"font-weight: 900; margin-left: 3%;\">Dokumente<\/h1>\n<p>[\/vc_column_text][vc_empty_space height=&#8220;42px&#8220;][\/vc_column][\/vc_row][vc_row css_animation=&#8220;&#8220; row_type=&#8220;row&#8220; use_row_as_full_screen_section=&#8220;no&#8220; type=&#8220;grid&#8220; angled_section=&#8220;no&#8220; text_align=&#8220;left&#8220; background_image_as_pattern=&#8220;without_pattern&#8220; z_index=&#8220;&#8220;][vc_column width=&#8220;1\/4&#8243; offset=&#8220;vc_hidden-sm vc_hidden-xs&#8220;][vc_single_image image=&#8220;2785&#8243; img_size=&#8220;full&#8220; alignment=&#8220;center&#8220; onclick=&#8220;custom_link&#8220; img_link_target=&#8220;_blank&#8220; qode_css_animation=&#8220;&#8220; qode_hover_animation=&#8220;zoom_in&#8220; link=&#8220;https:\/\/moval-srl.it\/wp-content\/uploads\/2021\/07\/Konformitaetserklaerung-RhOS-Moval-210428.pdf&#8220;][\/vc_column][vc_column width=&#8220;1\/2&#8243;][vc_empty_space height=&#8220;69px&#8220;][vc_column_text]<\/p>\n<h3 style=\"font-weight: 900; text-align: left;\">KONFORMIT\u00c4TSERKL\u00c4RUNG<\/h3>\n<p>[\/vc_column_text][vc_column_text]<\/p>\n<div class=\"page\" title=\"Page 1\">\n<div class=\"layoutArea\">\n<div class=\"column\">\n<p>Wir garantieren, dass die Stoffe die wir zur Produktion der Komponenten verwenden, die in der unten aufgef\u00fchrten Tabelle angegeben sind, die RoHS Richtlinie 2015\/863\/UE in der aktuellen Version (RoHS 3), entsprechen.<\/p>\n<\/div>\n<\/div>\n<\/div>\n<p>[\/vc_column_text][vc_empty_space height=&#8220;39px&#8220;]<a  itemprop=\"url\" href=\"https:\/\/moval-srl.it\/wp-content\/uploads\/2021\/07\/Konformitaetserklaerung-RhOS-Moval-210428.pdf\" target=\"_blank\"  class=\"qbutton  center default\" style=\"margin: 5px 5px 5px 5px; \">PDF HERUNTERLADEN<\/a>[\/vc_column][vc_column width=&#8220;1\/4&#8243;][\/vc_column][\/vc_row][vc_row css_animation=&#8220;&#8220; row_type=&#8220;row&#8220; use_row_as_full_screen_section=&#8220;no&#8220; type=&#8220;full_width&#8220; angled_section=&#8220;no&#8220; text_align=&#8220;left&#8220; background_image_as_pattern=&#8220;without_pattern&#8220;][vc_column][vc_empty_space height=&#8220;52px&#8220;][vc_separator type=&#8220;normal&#8220; color=&#8220;#f4f4f4&#8243; up=&#8220;1&#8243; down=&#8220;1&#8243;][vc_empty_space height=&#8220;52px&#8220;][\/vc_column][\/vc_row][vc_row css_animation=&#8220;&#8220; row_type=&#8220;row&#8220; use_row_as_full_screen_section=&#8220;no&#8220; type=&#8220;grid&#8220; angled_section=&#8220;no&#8220; text_align=&#8220;left&#8220; background_image_as_pattern=&#8220;without_pattern&#8220; z_index=&#8220;&#8220;][vc_column width=&#8220;1\/4&#8243; offset=&#8220;vc_hidden-sm vc_hidden-xs&#8220;][vc_single_image image=&#8220;5314&#8243; img_size=&#8220;full&#8220; alignment=&#8220;center&#8220; onclick=&#8220;custom_link&#8220; img_link_target=&#8220;_blank&#8220; css=&#8220;&#8220; qode_css_animation=&#8220;&#8220; qode_hover_animation=&#8220;zoom_in&#8220; link=&#8220;https:\/\/moval-srl.it\/wp-content\/uploads\/2025\/09\/250917-Konformitaetserklaerung-REACH.pdf&#8220;][\/vc_column][vc_column width=&#8220;1\/2&#8243;][vc_empty_space height=&#8220;69px&#8220;][vc_column_text]<\/p>\n<h3 style=\"font-weight: 900; text-align: left;\">REACH ERKL\u00c4RUNG<\/h3>\n<p>[\/vc_column_text][vc_column_text]<\/p>\n<div class=\"page\" title=\"Page 1\">\n<div class=\"layoutArea\">\n<div class=\"column\">\n<p>MOVAL S.r.l. ist sich \u00fcber die Pflichten die aus der Verordnung 1907\/2006 REACH, die am 1. Juni 2007 in Kraft getreten ist, entstehen bewusst und ist aktiv engagiert um deren Zielsetzungen zu unterst\u00fctzen, indem Sie di Kommunikation mit den eigenen Lieferanten und Kunden unterst\u00fctzt.<\/p>\n<\/div>\n<\/div>\n<\/div>\n<p>[\/vc_column_text][vc_empty_space height=&#8220;39px&#8220;]<a  itemprop=\"url\" href=\"https:\/\/moval-srl.it\/wp-content\/uploads\/2025\/09\/250917-Konformitaetserklaerung-REACH.pdf\" target=\"_blank\"  class=\"qbutton  center default\" style=\"margin: 5px 5px 5px 5px; \">PDF HERUNTERLADEN<\/a>[\/vc_column][vc_column width=&#8220;1\/4&#8243;][\/vc_column][\/vc_row][vc_row css_animation=&#8220;&#8220; row_type=&#8220;row&#8220; use_row_as_full_screen_section=&#8220;no&#8220; type=&#8220;full_width&#8220; angled_section=&#8220;no&#8220; text_align=&#8220;left&#8220; background_image_as_pattern=&#8220;without_pattern&#8220;][vc_column][vc_empty_space height=&#8220;52px&#8220;][\/vc_column][\/vc_row][vc_row css_animation=&#8220;&#8220; row_type=&#8220;row&#8220; use_row_as_full_screen_section=&#8220;no&#8220; type=&#8220;full_width&#8220; angled_section=&#8220;no&#8220; text_align=&#8220;left&#8220; background_image_as_pattern=&#8220;without_pattern&#8220;][vc_column]<div class=\"call_to_action normal\" style=\"background-color: #c1d101;padding-top: 35px;padding-bottom: 35px;\"><div class=\"container_inner\"><div class=\"two_columns_75_25 clearfix\"><div class=\"text_wrapper column1\"><div class=\"call_to_action_text  font_size_inherit font_weight_inherit\" style=\"font-size:16px;font-weight: 600;\">\n<p style=\"text-align: left; padding-right: 45px;\"><span style=\"color: #ffffff;\">Fordern Sie ein kostenloses Angebot an, wir werden gemeinsam Ihre Produktionsbed\u00fcrfnisse analysieren, so dass wir eine massgeschneiderte L\u00f6sung anbieten k\u00f6nnen.<\/span><\/p>\n<\/div><\/div><div class=\"button_wrapper column2\"><a itemprop=\"url\" href=\"https:\/\/moval-srl.it\/de\/angebot-anfragen\/\" class=\"qbutton white \" target=\"_self\" style=\"color: #191919;border-color: #ffffff;background-color: #ffffff;\"data-hover-background-color=#c1d101 data-hover-border-color=#ffffff data-hover-color=#ffffff>ANGEBOT ANFORDERN<\/a><\/div><\/div><\/div><\/div>[\/vc_column][\/vc_row]<\/p>\n<\/div>","protected":false},"excerpt":{"rendered":"<p>[vc_row css_animation=&#8220;&#8220; row_type=&#8220;row&#8220; use_row_as_full_screen_section=&#8220;no&#8220; type=&#8220;grid&#8220; angled_section=&#8220;no&#8220; text_align=&#8220;left&#8220; background_image_as_pattern=&#8220;without_pattern&#8220; z_index=&#8220;&#8220;][vc_column][vc_empty_space height=&#8220;62px&#8220;][vc_column_text] Dokumente [\/vc_column_text][vc_empty_space height=&#8220;42px&#8220;][\/vc_column][\/vc_row][vc_row css_animation=&#8220;&#8220; row_type=&#8220;row&#8220; use_row_as_full_screen_section=&#8220;no&#8220; type=&#8220;grid&#8220; angled_section=&#8220;no&#8220; text_align=&#8220;left&#8220; background_image_as_pattern=&#8220;without_pattern&#8220; z_index=&#8220;&#8220;][vc_column width=&#8220;1\/4&#8243; offset=&#8220;vc_hidden-sm vc_hidden-xs&#8220;][vc_single_image image=&#8220;2785&#8243; img_size=&#8220;full&#8220; alignment=&#8220;center&#8220; onclick=&#8220;custom_link&#8220; img_link_target=&#8220;_blank&#8220; qode_css_animation=&#8220;&#8220; qode_hover_animation=&#8220;zoom_in&#8220; link=&#8220;https:\/\/moval-srl.it\/wp-content\/uploads\/2021\/07\/Konformitaetserklaerung-RhOS-Moval-210428.pdf&#8220;][\/vc_column][vc_column width=&#8220;1\/2&#8243;][vc_empty_space height=&#8220;69px&#8220;][vc_column_text] KONFORMIT\u00c4TSERKL\u00c4RUNG [\/vc_column_text][vc_column_text] Wir garantieren, dass die Stoffe die wir zur Produktion&#8230;<\/p>\n","protected":false},"author":1,"featured_media":0,"parent":0,"menu_order":0,"comment_status":"closed","ping_status":"closed","template":"full_width.php","meta":{"footnotes":""},"yoast_head":"<!-- This site is optimized with the Yoast SEO plugin v24.0 - https:\/\/yoast.com\/wordpress\/plugins\/seo\/ -->\n<title>Dokumente - Moval - Bespoke brass<\/title>\n<meta name=\"robots\" content=\"index, follow, max-snippet:-1, max-image-preview:large, max-video-preview:-1\" \/>\n<link rel=\"canonical\" href=\"https:\/\/moval-srl.it\/de\/dokumente\/\" \/>\n<meta property=\"og:locale\" content=\"de_DE\" \/>\n<meta property=\"og:type\" content=\"article\" \/>\n<meta property=\"og:title\" content=\"Dokumente - Moval - Bespoke brass\" \/>\n<meta property=\"og:description\" content=\"[vc_row css_animation=&#8220;&#8220; row_type=&#8220;row&#8220; use_row_as_full_screen_section=&#8220;no&#8220; type=&#8220;grid&#8220; angled_section=&#8220;no&#8220; text_align=&#8220;left&#8220; background_image_as_pattern=&#8220;without_pattern&#8220; z_index=&#8220;&#8220;][vc_column][vc_empty_space height=&#8220;62px&#8220;][vc_column_text] Dokumente [\/vc_column_text][vc_empty_space height=&#8220;42px&#8220;][\/vc_column][\/vc_row][vc_row css_animation=&#8220;&#8220; row_type=&#8220;row&#8220; use_row_as_full_screen_section=&#8220;no&#8220; type=&#8220;grid&#8220; angled_section=&#8220;no&#8220; text_align=&#8220;left&#8220; background_image_as_pattern=&#8220;without_pattern&#8220; z_index=&#8220;&#8220;][vc_column width=&#8220;1\/4&#8243; offset=&#8220;vc_hidden-sm vc_hidden-xs&#8220;][vc_single_image image=&#8220;2785&#8243; img_size=&#8220;full&#8220; alignment=&#8220;center&#8220; onclick=&#8220;custom_link&#8220; img_link_target=&#8220;_blank&#8220; qode_css_animation=&#8220;&#8220; qode_hover_animation=&#8220;zoom_in&#8220; link=&#8220;https:\/\/moval-srl.it\/wp-content\/uploads\/2021\/07\/Konformitaetserklaerung-RhOS-Moval-210428.pdf&#8220;][\/vc_column][vc_column width=&#8220;1\/2&#8243;][vc_empty_space height=&#8220;69px&#8220;][vc_column_text] KONFORMIT\u00c4TSERKL\u00c4RUNG [\/vc_column_text][vc_column_text] Wir garantieren, dass die Stoffe die wir zur Produktion...\" \/>\n<meta property=\"og:url\" content=\"https:\/\/moval-srl.it\/de\/dokumente\/\" \/>\n<meta property=\"og:site_name\" content=\"Moval - Bespoke brass\" \/>\n<meta property=\"article:modified_time\" content=\"2025-09-24T10:43:01+00:00\" \/>\n<meta name=\"twitter:card\" content=\"summary_large_image\" \/>\n<meta name=\"twitter:label1\" content=\"Gesch\u00e4tzte Lesezeit\" \/>\n\t<meta name=\"twitter:data1\" content=\"2\u00a0Minuten\" \/>\n<script type=\"application\/ld+json\" class=\"yoast-schema-graph\">{\"@context\":\"https:\/\/schema.org\",\"@graph\":[{\"@type\":\"WebPage\",\"@id\":\"https:\/\/moval-srl.it\/de\/dokumente\/\",\"url\":\"https:\/\/moval-srl.it\/de\/dokumente\/\",\"name\":\"Dokumente - Moval - Bespoke brass\",\"isPartOf\":{\"@id\":\"https:\/\/moval-srl.it\/de\/#website\"},\"datePublished\":\"2020-11-18T14:26:41+00:00\",\"dateModified\":\"2025-09-24T10:43:01+00:00\",\"breadcrumb\":{\"@id\":\"https:\/\/moval-srl.it\/de\/dokumente\/#breadcrumb\"},\"inLanguage\":\"de\",\"potentialAction\":[{\"@type\":\"ReadAction\",\"target\":[\"https:\/\/moval-srl.it\/de\/dokumente\/\"]}]},{\"@type\":\"BreadcrumbList\",\"@id\":\"https:\/\/moval-srl.it\/de\/dokumente\/#breadcrumb\",\"itemListElement\":[{\"@type\":\"ListItem\",\"position\":1,\"name\":\"Home\",\"item\":\"https:\/\/moval-srl.it\/de\/\"},{\"@type\":\"ListItem\",\"position\":2,\"name\":\"Dokumente\"}]},{\"@type\":\"WebSite\",\"@id\":\"https:\/\/moval-srl.it\/de\/#website\",\"url\":\"https:\/\/moval-srl.it\/de\/\",\"name\":\"Moval - Bespoke brass\",\"description\":\"Componenti personalizzati in ottone\",\"publisher\":{\"@id\":\"https:\/\/moval-srl.it\/de\/#organization\"},\"potentialAction\":[{\"@type\":\"SearchAction\",\"target\":{\"@type\":\"EntryPoint\",\"urlTemplate\":\"https:\/\/moval-srl.it\/de\/?s={search_term_string}\"},\"query-input\":{\"@type\":\"PropertyValueSpecification\",\"valueRequired\":true,\"valueName\":\"search_term_string\"}}],\"inLanguage\":\"de\"},{\"@type\":\"Organization\",\"@id\":\"https:\/\/moval-srl.it\/de\/#organization\",\"name\":\"Moval srl - Stampaggio a caldo e lavorazione ottone\",\"url\":\"https:\/\/moval-srl.it\/de\/\",\"logo\":{\"@type\":\"ImageObject\",\"inLanguage\":\"de\",\"@id\":\"https:\/\/moval-srl.it\/de\/#\/schema\/logo\/image\/\",\"url\":\"https:\/\/moval-srl.it\/wp-content\/uploads\/2019\/12\/moval-brass-components.png\",\"contentUrl\":\"https:\/\/moval-srl.it\/wp-content\/uploads\/2019\/12\/moval-brass-components.png\",\"width\":220,\"height\":90,\"caption\":\"Moval srl - Stampaggio a caldo e lavorazione ottone\"},\"image\":{\"@id\":\"https:\/\/moval-srl.it\/de\/#\/schema\/logo\/image\/\"},\"sameAs\":[\"https:\/\/www.linkedin.com\/company\/moval-srl\/about\/\"]}]}<\/script>\n<!-- \/ Yoast SEO plugin. -->","yoast_head_json":{"title":"Dokumente - Moval - Bespoke brass","robots":{"index":"index","follow":"follow","max-snippet":"max-snippet:-1","max-image-preview":"max-image-preview:large","max-video-preview":"max-video-preview:-1"},"canonical":"https:\/\/moval-srl.it\/de\/dokumente\/","og_locale":"de_DE","og_type":"article","og_title":"Dokumente - Moval - Bespoke brass","og_description":"[vc_row css_animation=&#8220;&#8220; row_type=&#8220;row&#8220; use_row_as_full_screen_section=&#8220;no&#8220; type=&#8220;grid&#8220; angled_section=&#8220;no&#8220; text_align=&#8220;left&#8220; background_image_as_pattern=&#8220;without_pattern&#8220; z_index=&#8220;&#8220;][vc_column][vc_empty_space height=&#8220;62px&#8220;][vc_column_text] Dokumente [\/vc_column_text][vc_empty_space height=&#8220;42px&#8220;][\/vc_column][\/vc_row][vc_row css_animation=&#8220;&#8220; row_type=&#8220;row&#8220; use_row_as_full_screen_section=&#8220;no&#8220; type=&#8220;grid&#8220; angled_section=&#8220;no&#8220; text_align=&#8220;left&#8220; background_image_as_pattern=&#8220;without_pattern&#8220; z_index=&#8220;&#8220;][vc_column width=&#8220;1\/4&#8243; offset=&#8220;vc_hidden-sm vc_hidden-xs&#8220;][vc_single_image image=&#8220;2785&#8243; img_size=&#8220;full&#8220; alignment=&#8220;center&#8220; onclick=&#8220;custom_link&#8220; img_link_target=&#8220;_blank&#8220; qode_css_animation=&#8220;&#8220; qode_hover_animation=&#8220;zoom_in&#8220; link=&#8220;https:\/\/moval-srl.it\/wp-content\/uploads\/2021\/07\/Konformitaetserklaerung-RhOS-Moval-210428.pdf&#8220;][\/vc_column][vc_column width=&#8220;1\/2&#8243;][vc_empty_space height=&#8220;69px&#8220;][vc_column_text] KONFORMIT\u00c4TSERKL\u00c4RUNG [\/vc_column_text][vc_column_text] Wir garantieren, dass die Stoffe die wir zur Produktion...","og_url":"https:\/\/moval-srl.it\/de\/dokumente\/","og_site_name":"Moval - Bespoke brass","article_modified_time":"2025-09-24T10:43:01+00:00","twitter_card":"summary_large_image","twitter_misc":{"Gesch\u00e4tzte Lesezeit":"2\u00a0Minuten"},"schema":{"@context":"https:\/\/schema.org","@graph":[{"@type":"WebPage","@id":"https:\/\/moval-srl.it\/de\/dokumente\/","url":"https:\/\/moval-srl.it\/de\/dokumente\/","name":"Dokumente - Moval - Bespoke brass","isPartOf":{"@id":"https:\/\/moval-srl.it\/de\/#website"},"datePublished":"2020-11-18T14:26:41+00:00","dateModified":"2025-09-24T10:43:01+00:00","breadcrumb":{"@id":"https:\/\/moval-srl.it\/de\/dokumente\/#breadcrumb"},"inLanguage":"de","potentialAction":[{"@type":"ReadAction","target":["https:\/\/moval-srl.it\/de\/dokumente\/"]}]},{"@type":"BreadcrumbList","@id":"https:\/\/moval-srl.it\/de\/dokumente\/#breadcrumb","itemListElement":[{"@type":"ListItem","position":1,"name":"Home","item":"https:\/\/moval-srl.it\/de\/"},{"@type":"ListItem","position":2,"name":"Dokumente"}]},{"@type":"WebSite","@id":"https:\/\/moval-srl.it\/de\/#website","url":"https:\/\/moval-srl.it\/de\/","name":"Moval - Bespoke brass","description":"Componenti personalizzati in ottone","publisher":{"@id":"https:\/\/moval-srl.it\/de\/#organization"},"potentialAction":[{"@type":"SearchAction","target":{"@type":"EntryPoint","urlTemplate":"https:\/\/moval-srl.it\/de\/?s={search_term_string}"},"query-input":{"@type":"PropertyValueSpecification","valueRequired":true,"valueName":"search_term_string"}}],"inLanguage":"de"},{"@type":"Organization","@id":"https:\/\/moval-srl.it\/de\/#organization","name":"Moval srl - Stampaggio a caldo e lavorazione ottone","url":"https:\/\/moval-srl.it\/de\/","logo":{"@type":"ImageObject","inLanguage":"de","@id":"https:\/\/moval-srl.it\/de\/#\/schema\/logo\/image\/","url":"https:\/\/moval-srl.it\/wp-content\/uploads\/2019\/12\/moval-brass-components.png","contentUrl":"https:\/\/moval-srl.it\/wp-content\/uploads\/2019\/12\/moval-brass-components.png","width":220,"height":90,"caption":"Moval srl - Stampaggio a caldo e lavorazione ottone"},"image":{"@id":"https:\/\/moval-srl.it\/de\/#\/schema\/logo\/image\/"},"sameAs":["https:\/\/www.linkedin.com\/company\/moval-srl\/about\/"]}]}},"_links":{"self":[{"href":"https:\/\/moval-srl.it\/de\/wp-json\/wp\/v2\/pages\/2371"}],"collection":[{"href":"https:\/\/moval-srl.it\/de\/wp-json\/wp\/v2\/pages"}],"about":[{"href":"https:\/\/moval-srl.it\/de\/wp-json\/wp\/v2\/types\/page"}],"author":[{"embeddable":true,"href":"https:\/\/moval-srl.it\/de\/wp-json\/wp\/v2\/users\/1"}],"replies":[{"embeddable":true,"href":"https:\/\/moval-srl.it\/de\/wp-json\/wp\/v2\/comments?post=2371"}],"version-history":[{"count":12,"href":"https:\/\/moval-srl.it\/de\/wp-json\/wp\/v2\/pages\/2371\/revisions"}],"predecessor-version":[{"id":5332,"href":"https:\/\/moval-srl.it\/de\/wp-json\/wp\/v2\/pages\/2371\/revisions\/5332"}],"wp:attachment":[{"href":"https:\/\/moval-srl.it\/de\/wp-json\/wp\/v2\/media?parent=2371"}],"curies":[{"name":"wp","href":"https:\/\/api.w.org\/{rel}","templated":true}]}}