{"id":3033,"date":"2022-03-23T13:15:30","date_gmt":"2022-03-23T11:15:30","guid":{"rendered":"https:\/\/moval-srl.it\/grazie-richiedi-quotazione\/"},"modified":"2022-03-23T13:20:40","modified_gmt":"2022-03-23T11:20:40","slug":"danke-zitat","status":"publish","type":"page","link":"https:\/\/moval-srl.it\/de\/danke-zitat\/","title":{"rendered":"Grazie richiedi quotazione"},"content":{"rendered":"<div class=\"wpb-content-wrapper\"><p>[vc_row css_animation=&#8220;&#8220; row_type=&#8220;row&#8220; use_row_as_full_screen_section=&#8220;no&#8220; type=&#8220;grid&#8220; angled_section=&#8220;no&#8220; text_align=&#8220;left&#8220; background_image_as_pattern=&#8220;without_pattern&#8220; z_index=&#8220;&#8220;][vc_column][vc_empty_space height=&#8220;52px&#8220;][vc_column_text]<\/p>\n<h1 style=\"text-align: center;\">Danke dass Sie Moval Srl kontaktiert haben!<\/h1>\n<p>[\/vc_column_text][vc_empty_space height=&#8220;52px&#8220;][vc_row_inner row_type=&#8220;row&#8220; type=&#8220;full_width&#8220; text_align=&#8220;left&#8220; css_animation=&#8220;&#8220;][vc_column_inner width=&#8220;1\/4&#8243;][\/vc_column_inner][vc_column_inner width=&#8220;1\/2&#8243;][vc_column_text]<\/p>\n<h3 style=\"text-align: center;\">Ihre Anfrage wurde korrekt empfangen und Sie werden in den kommenden Tagen von einem unserer Mitarbeiter kontaktiert.<\/h3>\n<p>[\/vc_column_text][\/vc_column_inner][vc_column_inner width=&#8220;1\/4&#8243;][\/vc_column_inner][\/vc_row_inner][vc_empty_space height=&#8220;52px&#8220;]<div class='q_masonry_blog'><div class=\"q_masonry_blog_grid_sizer\"><\/div><div class=\"q_masonry_blog_grid_gutter\"><\/div><article  class='post-5731 post type-post status-publish format-standard has-post-thumbnail hentry category-news-de '><div class=\"q_masonry_blog_post_image\"><a itemprop=\"url\" href=\"https:\/\/moval-srl.it\/de\/sicherere-messingbauteile-warum-die-bearbeitung-mit-cnc-transfer-den-unterschied-macht\/\" target=\"_self\"><img decoding=\"async\" itemprop=\"image\" src=\"https:\/\/moval-srl.it\/wp-content\/uploads\/2026\/04\/Moval-Blog-1.jpg\" \/><\/a><\/div><div class=\"q_masonry_blog_post_text\"><h5 itemprop=\"name\" class=\"q_masonry_blog_title entry_title\"><a itemprop=\"url\" href=\"https:\/\/moval-srl.it\/de\/sicherere-messingbauteile-warum-die-bearbeitung-mit-cnc-transfer-den-unterschied-macht\/\">Sicherere Messingbauteile: Warum die Bearbeitung mit CNC-Transfer den Unterschied macht<\/a><\/h5><p itemprop=\"description\" class=\"q_masonry_blog_excerpt\">Wenn es um kundenspezifische M...<\/p><div class=\"q_masonry_blog_post_info\"><span itemprop=\"dateCreated\" class=\"time entry_date updated\">23 April, 2026<meta itemprop=\"interactionCount\" content=\"UserComments: <?php echo get_comments_number(qode_get_page_id()); ?>\"\/><\/span><\/div><\/div><\/article><article  class='post-5664 post type-post status-publish format-standard has-post-thumbnail hentry category-news-de '><div class=\"q_masonry_blog_post_image\"><a itemprop=\"url\" href=\"https:\/\/moval-srl.it\/de\/qualitaet-bei-moval-so-gewaehrleisten-wir-einen-effizienten-und-zuverlaessigen-prozess\/\" target=\"_self\"><img decoding=\"async\" itemprop=\"image\" src=\"https:\/\/moval-srl.it\/wp-content\/uploads\/2026\/03\/Moval-Blog.jpg\" \/><\/a><\/div><div class=\"q_masonry_blog_post_text\"><h5 itemprop=\"name\" class=\"q_masonry_blog_title entry_title\"><a itemprop=\"url\" href=\"https:\/\/moval-srl.it\/de\/qualitaet-bei-moval-so-gewaehrleisten-wir-einen-effizienten-und-zuverlaessigen-prozess\/\">Qualit\u00e4t bei Moval: So gew\u00e4hrleisten wir einen effizienten und zuverl\u00e4ssigen Prozess<\/a><\/h5><p itemprop=\"description\" class=\"q_masonry_blog_excerpt\">Wenn es um kundenspezifische M...<\/p><div class=\"q_masonry_blog_post_info\"><span itemprop=\"dateCreated\" class=\"time entry_date updated\">19 M\u00e4rz, 2026<meta itemprop=\"interactionCount\" content=\"UserComments: <?php echo get_comments_number(qode_get_page_id()); ?>\"\/><\/span><\/div><\/div><\/article><article  class='post-5587 post type-post status-publish format-standard has-post-thumbnail hentry category-news-de '><div class=\"q_masonry_blog_post_image\"><a itemprop=\"url\" href=\"https:\/\/moval-srl.it\/de\/unsere-mitarbeiter-unsere-staerke\/\" target=\"_self\"><img decoding=\"async\" itemprop=\"image\" src=\"https:\/\/moval-srl.it\/wp-content\/uploads\/2026\/02\/Moval-Blog.jpg\" \/><\/a><\/div><div class=\"q_masonry_blog_post_text\"><h5 itemprop=\"name\" class=\"q_masonry_blog_title entry_title\"><a itemprop=\"url\" href=\"https:\/\/moval-srl.it\/de\/unsere-mitarbeiter-unsere-staerke\/\">Unsere Mitarbeiter, unsere St\u00e4rke<\/a><\/h5><p itemprop=\"description\" class=\"q_masonry_blog_excerpt\">Wir bei Moval sind davon \u00fcber...<\/p><div class=\"q_masonry_blog_post_info\"><span itemprop=\"dateCreated\" class=\"time entry_date updated\">19 Februar, 2026<meta itemprop=\"interactionCount\" content=\"UserComments: <?php echo get_comments_number(qode_get_page_id()); ?>\"\/><\/span><\/div><\/div><\/article><\/div>[\/vc_column][\/vc_row]<\/p>\n<\/div>","protected":false},"excerpt":{"rendered":"<p>[vc_row css_animation=&#8220;&#8220; row_type=&#8220;row&#8220; use_row_as_full_screen_section=&#8220;no&#8220; type=&#8220;grid&#8220; angled_section=&#8220;no&#8220; text_align=&#8220;left&#8220; background_image_as_pattern=&#8220;without_pattern&#8220; z_index=&#8220;&#8220;][vc_column][vc_empty_space height=&#8220;52px&#8220;][vc_column_text] Danke dass Sie Moval Srl kontaktiert haben! [\/vc_column_text][vc_empty_space height=&#8220;52px&#8220;][vc_row_inner row_type=&#8220;row&#8220; type=&#8220;full_width&#8220; text_align=&#8220;left&#8220; css_animation=&#8220;&#8220;][vc_column_inner width=&#8220;1\/4&#8243;][\/vc_column_inner][vc_column_inner width=&#8220;1\/2&#8243;][vc_column_text] Ihre Anfrage wurde korrekt empfangen und Sie werden in den kommenden Tagen von einem unserer Mitarbeiter kontaktiert. [\/vc_column_text][\/vc_column_inner][vc_column_inner width=&#8220;1\/4&#8243;][\/vc_column_inner][\/vc_row_inner][vc_empty_space height=&#8220;52px&#8220;][\/vc_column][\/vc_row]<\/p>\n","protected":false},"author":1,"featured_media":0,"parent":0,"menu_order":0,"comment_status":"closed","ping_status":"closed","template":"","meta":{"footnotes":""},"yoast_head":"<!-- This site is optimized with the Yoast SEO plugin v24.0 - https:\/\/yoast.com\/wordpress\/plugins\/seo\/ -->\n<title>Grazie richiedi quotazione - Moval - Bespoke brass<\/title>\n<meta name=\"robots\" content=\"index, follow, max-snippet:-1, max-image-preview:large, max-video-preview:-1\" \/>\n<link rel=\"canonical\" href=\"https:\/\/moval-srl.it\/de\/danke-zitat\/\" \/>\n<meta property=\"og:locale\" content=\"de_DE\" \/>\n<meta property=\"og:type\" content=\"article\" \/>\n<meta property=\"og:title\" content=\"Grazie richiedi quotazione - Moval - Bespoke brass\" \/>\n<meta property=\"og:description\" content=\"[vc_row css_animation=&#8220;&#8220; row_type=&#8220;row&#8220; use_row_as_full_screen_section=&#8220;no&#8220; type=&#8220;grid&#8220; angled_section=&#8220;no&#8220; text_align=&#8220;left&#8220; background_image_as_pattern=&#8220;without_pattern&#8220; z_index=&#8220;&#8220;][vc_column][vc_empty_space height=&#8220;52px&#8220;][vc_column_text] Danke dass Sie Moval Srl kontaktiert haben! [\/vc_column_text][vc_empty_space height=&#8220;52px&#8220;][vc_row_inner row_type=&#8220;row&#8220; type=&#8220;full_width&#8220; text_align=&#8220;left&#8220; css_animation=&#8220;&#8220;][vc_column_inner width=&#8220;1\/4&#8243;][\/vc_column_inner][vc_column_inner width=&#8220;1\/2&#8243;][vc_column_text] Ihre Anfrage wurde korrekt empfangen und Sie werden in den kommenden Tagen von einem unserer Mitarbeiter kontaktiert. [\/vc_column_text][\/vc_column_inner][vc_column_inner width=&#8220;1\/4&#8243;][\/vc_column_inner][\/vc_row_inner][vc_empty_space height=&#8220;52px&#8220;][\/vc_column][\/vc_row]\" \/>\n<meta property=\"og:url\" content=\"https:\/\/moval-srl.it\/de\/danke-zitat\/\" \/>\n<meta property=\"og:site_name\" content=\"Moval - Bespoke brass\" \/>\n<meta property=\"article:modified_time\" content=\"2022-03-23T11:20:40+00:00\" \/>\n<meta name=\"twitter:card\" content=\"summary_large_image\" \/>\n<meta name=\"twitter:label1\" content=\"Gesch\u00e4tzte Lesezeit\" \/>\n\t<meta name=\"twitter:data1\" content=\"1\u00a0Minute\" \/>\n<script type=\"application\/ld+json\" class=\"yoast-schema-graph\">{\"@context\":\"https:\/\/schema.org\",\"@graph\":[{\"@type\":\"WebPage\",\"@id\":\"https:\/\/moval-srl.it\/de\/danke-zitat\/\",\"url\":\"https:\/\/moval-srl.it\/de\/danke-zitat\/\",\"name\":\"Grazie richiedi quotazione - Moval - Bespoke brass\",\"isPartOf\":{\"@id\":\"https:\/\/moval-srl.it\/de\/#website\"},\"datePublished\":\"2022-03-23T11:15:30+00:00\",\"dateModified\":\"2022-03-23T11:20:40+00:00\",\"breadcrumb\":{\"@id\":\"https:\/\/moval-srl.it\/de\/danke-zitat\/#breadcrumb\"},\"inLanguage\":\"de\",\"potentialAction\":[{\"@type\":\"ReadAction\",\"target\":[\"https:\/\/moval-srl.it\/de\/danke-zitat\/\"]}]},{\"@type\":\"BreadcrumbList\",\"@id\":\"https:\/\/moval-srl.it\/de\/danke-zitat\/#breadcrumb\",\"itemListElement\":[{\"@type\":\"ListItem\",\"position\":1,\"name\":\"Home\",\"item\":\"https:\/\/moval-srl.it\/de\/\"},{\"@type\":\"ListItem\",\"position\":2,\"name\":\"Grazie richiedi quotazione\"}]},{\"@type\":\"WebSite\",\"@id\":\"https:\/\/moval-srl.it\/de\/#website\",\"url\":\"https:\/\/moval-srl.it\/de\/\",\"name\":\"Moval - Bespoke brass\",\"description\":\"Componenti personalizzati in ottone\",\"publisher\":{\"@id\":\"https:\/\/moval-srl.it\/de\/#organization\"},\"potentialAction\":[{\"@type\":\"SearchAction\",\"target\":{\"@type\":\"EntryPoint\",\"urlTemplate\":\"https:\/\/moval-srl.it\/de\/?s={search_term_string}\"},\"query-input\":{\"@type\":\"PropertyValueSpecification\",\"valueRequired\":true,\"valueName\":\"search_term_string\"}}],\"inLanguage\":\"de\"},{\"@type\":\"Organization\",\"@id\":\"https:\/\/moval-srl.it\/de\/#organization\",\"name\":\"Moval srl - Stampaggio a caldo e lavorazione ottone\",\"url\":\"https:\/\/moval-srl.it\/de\/\",\"logo\":{\"@type\":\"ImageObject\",\"inLanguage\":\"de\",\"@id\":\"https:\/\/moval-srl.it\/de\/#\/schema\/logo\/image\/\",\"url\":\"https:\/\/moval-srl.it\/wp-content\/uploads\/2019\/12\/moval-brass-components.png\",\"contentUrl\":\"https:\/\/moval-srl.it\/wp-content\/uploads\/2019\/12\/moval-brass-components.png\",\"width\":220,\"height\":90,\"caption\":\"Moval srl - Stampaggio a caldo e lavorazione ottone\"},\"image\":{\"@id\":\"https:\/\/moval-srl.it\/de\/#\/schema\/logo\/image\/\"},\"sameAs\":[\"https:\/\/www.linkedin.com\/company\/moval-srl\/about\/\"]}]}<\/script>\n<!-- \/ Yoast SEO plugin. -->","yoast_head_json":{"title":"Grazie richiedi quotazione - Moval - Bespoke brass","robots":{"index":"index","follow":"follow","max-snippet":"max-snippet:-1","max-image-preview":"max-image-preview:large","max-video-preview":"max-video-preview:-1"},"canonical":"https:\/\/moval-srl.it\/de\/danke-zitat\/","og_locale":"de_DE","og_type":"article","og_title":"Grazie richiedi quotazione - Moval - Bespoke brass","og_description":"[vc_row css_animation=&#8220;&#8220; row_type=&#8220;row&#8220; use_row_as_full_screen_section=&#8220;no&#8220; type=&#8220;grid&#8220; angled_section=&#8220;no&#8220; text_align=&#8220;left&#8220; background_image_as_pattern=&#8220;without_pattern&#8220; z_index=&#8220;&#8220;][vc_column][vc_empty_space height=&#8220;52px&#8220;][vc_column_text] Danke dass Sie Moval Srl kontaktiert haben! [\/vc_column_text][vc_empty_space height=&#8220;52px&#8220;][vc_row_inner row_type=&#8220;row&#8220; type=&#8220;full_width&#8220; text_align=&#8220;left&#8220; css_animation=&#8220;&#8220;][vc_column_inner width=&#8220;1\/4&#8243;][\/vc_column_inner][vc_column_inner width=&#8220;1\/2&#8243;][vc_column_text] Ihre Anfrage wurde korrekt empfangen und Sie werden in den kommenden Tagen von einem unserer Mitarbeiter kontaktiert. [\/vc_column_text][\/vc_column_inner][vc_column_inner width=&#8220;1\/4&#8243;][\/vc_column_inner][\/vc_row_inner][vc_empty_space height=&#8220;52px&#8220;][\/vc_column][\/vc_row]","og_url":"https:\/\/moval-srl.it\/de\/danke-zitat\/","og_site_name":"Moval - Bespoke brass","article_modified_time":"2022-03-23T11:20:40+00:00","twitter_card":"summary_large_image","twitter_misc":{"Gesch\u00e4tzte Lesezeit":"1\u00a0Minute"},"schema":{"@context":"https:\/\/schema.org","@graph":[{"@type":"WebPage","@id":"https:\/\/moval-srl.it\/de\/danke-zitat\/","url":"https:\/\/moval-srl.it\/de\/danke-zitat\/","name":"Grazie richiedi quotazione - Moval - Bespoke brass","isPartOf":{"@id":"https:\/\/moval-srl.it\/de\/#website"},"datePublished":"2022-03-23T11:15:30+00:00","dateModified":"2022-03-23T11:20:40+00:00","breadcrumb":{"@id":"https:\/\/moval-srl.it\/de\/danke-zitat\/#breadcrumb"},"inLanguage":"de","potentialAction":[{"@type":"ReadAction","target":["https:\/\/moval-srl.it\/de\/danke-zitat\/"]}]},{"@type":"BreadcrumbList","@id":"https:\/\/moval-srl.it\/de\/danke-zitat\/#breadcrumb","itemListElement":[{"@type":"ListItem","position":1,"name":"Home","item":"https:\/\/moval-srl.it\/de\/"},{"@type":"ListItem","position":2,"name":"Grazie richiedi quotazione"}]},{"@type":"WebSite","@id":"https:\/\/moval-srl.it\/de\/#website","url":"https:\/\/moval-srl.it\/de\/","name":"Moval - Bespoke brass","description":"Componenti personalizzati in ottone","publisher":{"@id":"https:\/\/moval-srl.it\/de\/#organization"},"potentialAction":[{"@type":"SearchAction","target":{"@type":"EntryPoint","urlTemplate":"https:\/\/moval-srl.it\/de\/?s={search_term_string}"},"query-input":{"@type":"PropertyValueSpecification","valueRequired":true,"valueName":"search_term_string"}}],"inLanguage":"de"},{"@type":"Organization","@id":"https:\/\/moval-srl.it\/de\/#organization","name":"Moval srl - Stampaggio a caldo e lavorazione ottone","url":"https:\/\/moval-srl.it\/de\/","logo":{"@type":"ImageObject","inLanguage":"de","@id":"https:\/\/moval-srl.it\/de\/#\/schema\/logo\/image\/","url":"https:\/\/moval-srl.it\/wp-content\/uploads\/2019\/12\/moval-brass-components.png","contentUrl":"https:\/\/moval-srl.it\/wp-content\/uploads\/2019\/12\/moval-brass-components.png","width":220,"height":90,"caption":"Moval srl - Stampaggio a caldo e lavorazione ottone"},"image":{"@id":"https:\/\/moval-srl.it\/de\/#\/schema\/logo\/image\/"},"sameAs":["https:\/\/www.linkedin.com\/company\/moval-srl\/about\/"]}]}},"_links":{"self":[{"href":"https:\/\/moval-srl.it\/de\/wp-json\/wp\/v2\/pages\/3033"}],"collection":[{"href":"https:\/\/moval-srl.it\/de\/wp-json\/wp\/v2\/pages"}],"about":[{"href":"https:\/\/moval-srl.it\/de\/wp-json\/wp\/v2\/types\/page"}],"author":[{"embeddable":true,"href":"https:\/\/moval-srl.it\/de\/wp-json\/wp\/v2\/users\/1"}],"replies":[{"embeddable":true,"href":"https:\/\/moval-srl.it\/de\/wp-json\/wp\/v2\/comments?post=3033"}],"version-history":[{"count":3,"href":"https:\/\/moval-srl.it\/de\/wp-json\/wp\/v2\/pages\/3033\/revisions"}],"predecessor-version":[{"id":3039,"href":"https:\/\/moval-srl.it\/de\/wp-json\/wp\/v2\/pages\/3033\/revisions\/3039"}],"wp:attachment":[{"href":"https:\/\/moval-srl.it\/de\/wp-json\/wp\/v2\/media?parent=3033"}],"curies":[{"name":"wp","href":"https:\/\/api.w.org\/{rel}","templated":true}]}}