{"id":3141,"date":"2021-11-11T14:10:59","date_gmt":"2021-11-11T12:10:59","guid":{"rendered":"https:\/\/moval-srl.it\/tipologie-ottone\/"},"modified":"2022-06-30T10:31:17","modified_gmt":"2022-06-30T08:31:17","slug":"der-rohstoff","status":"publish","type":"page","link":"https:\/\/moval-srl.it\/de\/der-rohstoff\/","title":{"rendered":"Der Rohstoff:"},"content":{"rendered":"<div class=\"wpb-content-wrapper\"><p>[vc_row css_animation=&#8220;&#8220; row_type=&#8220;row&#8220; use_row_as_full_screen_section=&#8220;no&#8220; type=&#8220;grid&#8220; angled_section=&#8220;no&#8220; text_align=&#8220;left&#8220; background_image_as_pattern=&#8220;without_pattern&#8220; el_class=&#8220;row-with-separator&#8220; z_index=&#8220;&#8220;][vc_column css=&#8220;.vc_custom_1516792023205{margin-top: 0px !important;margin-right: 0px !important;margin-bottom: 0px !important;margin-left: 0px !important;padding-right: 0px !important;padding-left: 0px !important;}&#8220;][vc_empty_space height=&#8220;72px&#8220;][qode_elements_holder number_of_columns=&#8220;two_columns&#8220; switch_to_one_column=&#8220;768&#8243;][qode_elements_holder_item vertical_alignment=&#8220;top&#8220; advanced_animations=&#8220;no&#8220; background_image=&#8220;37&#8243; item_padding=&#8220;0% 5%&#8220; item_padding_1280_1440=&#8220;0% 5%&#8220; item_padding_1024_1280=&#8220;0% 5%&#8220; item_padding_768_1024=&#8220;0% 5%&#8220; item_padding_600_768=&#8220;0% 5%&#8220; item_padding_480_600=&#8220;2% 1%&#8220; item_padding_480=&#8220;2% 1%&#8220;][vc_column_text]<\/p>\n<h1 style=\"font-weight: 300; margin-left: 4%;\">[vc_separator type=&#8220;small&#8220; position=&#8220;left&#8220; color=&#8220;#c1d101&#8243; thickness=&#8220;2&#8243; width=&#8220;100&#8243; down=&#8220;15&#8243;]WARUM<\/h1>\n<p>[\/vc_column_text][vc_column_text]<\/p>\n<h1 style=\"font-weight: 900; margin-left: 4%;\">Messing?<\/h1>\n<p>[\/vc_column_text][vc_empty_space height=&#8220;39px&#8220;][vc_column_text]<\/p>\n<p style=\"margin-left: 4%; margin-right: 13%;\">Unter den Metalllegierungen, die in der Industrie und im verarbeitenden Gewerbe verwendet werden k\u00f6nnen, besitzt Messing <strong>hervorragende mechanische Eigenschaften<\/strong>, die es zum idealen Werkstoff f\u00fcr die Entwicklung von komplexen warmgepressten und mechanisch bearbeiteten Bauteile machen.<\/p>\n<p style=\"margin-left: 4%; margin-right: 13%;\">Messing ist eine Legierung aus Kupfer und Zink und ist bekannt f\u00fcr seine <strong>Duktilit\u00e4t<\/strong>, <strong>Formbarkeit<\/strong> und <strong>Korrosionsbest\u00e4ndigkeit<\/strong>.<\/p>\n<p style=\"margin-left: 4%; margin-right: 13%;\">Im Vergleich zu Kupfer hat es den Vorteil, dass es h\u00f6here Werte f\u00fcr <strong>H\u00e4rte<\/strong> und <strong>Schmelzbarkeit<\/strong> aufweist.<\/p>\n<p style=\"margin-left: 4%; margin-right: 13%;\">Es gew\u00e4hrleistet eine hohe Verarbeitbarkeit sowohl bei der <strong>Warmumformung<\/strong> als auch bei der Kaltumformung.<\/p>\n<p>[\/vc_column_text][vc_empty_space height=&#8220;59px&#8220;][vc_column_text]<\/p>\n<h1 style=\"font-weight: 300; margin-left: 4%;\">[vc_separator type=&#8220;small&#8220; position=&#8220;left&#8220; color=&#8220;#c1d101&#8243; thickness=&#8220;2&#8243; width=&#8220;100&#8243; down=&#8220;15&#8243;]EFFIZIENZ<\/h1>\n<p>[\/vc_column_text][vc_column_text]<\/p>\n<h1 style=\"font-weight: 900; margin-left: 4%;\">UND NACHHALTIGKEIT<\/h1>\n<p>[\/vc_column_text][vc_empty_space height=&#8220;39px&#8220;][vc_column_text]<\/p>\n<p style=\"margin-left: 4%; margin-right: 13%;\">Unter dem Sicherheitsaspekt und im Hinblick auf Nachhaltigkeit hat Messing hervorragende <strong>antibakterielle Eigenschaften<\/strong> und kann zu <strong>100% wiederverwendet werden.<\/strong><br \/>\nAuch die Bearbeitung von Messing ist durch einen <strong>besonders geringen Energieaufwand<\/strong> gekennzeichnet.<\/p>\n<p>[\/vc_column_text][\/qode_elements_holder_item][qode_elements_holder_item vertical_alignment=&#8220;top&#8220; horizontal_alignment=&#8220;center&#8220; advanced_animations=&#8220;yes&#8220; start_position=&#8220;bottom&#8220; end_position=&#8220;top-bottom&#8220; item_padding=&#8220;0&#8243; item_padding_1280_1440=&#8220;0&#8243; item_padding_1024_1280=&#8220;0&#8243; item_padding_768_1024=&#8220;0&#8243; item_padding_600_768=&#8220;0&#8243; item_padding_480_600=&#8220;0&#8243; item_padding_480=&#8220;0&#8243;][vc_single_image image=&#8220;2892&#8243; img_size=&#8220;full&#8220; alignment=&#8220;center&#8220; qode_css_animation=&#8220;element_from_right&#8220; qode_hover_animation=&#8220;zoom_in&#8220; transition_delay=&#8220;0.4&#8243;][\/qode_elements_holder_item][\/qode_elements_holder][\/vc_column][\/vc_row][vc_row css_animation=&#8220;&#8220; row_type=&#8220;row&#8220; use_row_as_full_screen_section=&#8220;no&#8220; type=&#8220;full_width&#8220; angled_section=&#8220;no&#8220; text_align=&#8220;left&#8220; background_image_as_pattern=&#8220;without_pattern&#8220;][vc_column][vc_empty_space height=&#8220;52px&#8220;][\/vc_column][\/vc_row][vc_row css_animation=&#8220;&#8220; row_type=&#8220;row&#8220; use_row_as_full_screen_section=&#8220;no&#8220; type=&#8220;grid&#8220; angled_section=&#8220;no&#8220; text_align=&#8220;left&#8220; background_image_as_pattern=&#8220;without_pattern&#8220; el_class=&#8220;row-with-separator&#8220; z_index=&#8220;&#8220;][vc_column width=&#8220;1\/2&#8243; css=&#8220;.vc_custom_1516792023205{margin-top: 0px !important;margin-right: 0px !important;margin-bottom: 0px !important;margin-left: 0px !important;padding-right: 0px !important;padding-left: 0px !important;}&#8220;][vc_single_image image=&#8220;2895&#8243; img_size=&#8220;full&#8220; alignment=&#8220;center&#8220; qode_css_animation=&#8220;element_from_right&#8220; qode_hover_animation=&#8220;zoom_in&#8220; transition_delay=&#8220;0.4&#8243;][vc_empty_space][\/vc_column][vc_column width=&#8220;1\/2&#8243;][vc_column_text]<\/p>\n<h1 style=\"font-weight: 300; margin-left: 4%;\">[vc_separator type=&#8220;small&#8220; position=&#8220;left&#8220; color=&#8220;#c1d101&#8243; thickness=&#8220;2&#8243; width=&#8220;100&#8243; down=&#8220;15&#8243;]GR\u00dcNDLICHE TECHNISCHE<\/h1>\n<p>[\/vc_column_text][vc_column_text]<\/p>\n<h1 style=\"font-weight: 900; margin-left: 4%;\">KENNTNISSE<\/h1>\n<p>[\/vc_column_text][vc_empty_space height=&#8220;19px&#8220;][vc_column_text]<\/p>\n<h4 style=\"margin-left: 4%; margin-right: 13%;\"><strong>und Erfahrung mit dem Rohmaterial.<\/strong><\/h4>\n<p>&nbsp;<\/p>\n<p style=\"margin-left: 4%; margin-right: 13%;\">Die <strong>Kenntnisse<\/strong> unseres technischen Teams und das Niveau der <strong>technologischen Innovation<\/strong> und <strong>Effizienz<\/strong>, die durch unseren Produktions- und Konstruktionsverfahren erreicht werden, haben es uns erm\u00f6glicht, uns auf die Bearbeitung einer breiten Vielfalt von Messinglegierungen zu spezialisieren:<\/p>\n<p>[\/vc_column_text][\/vc_column][\/vc_row][vc_row css_animation=&#8220;&#8220; row_type=&#8220;row&#8220; use_row_as_full_screen_section=&#8220;no&#8220; type=&#8220;full_width&#8220; angled_section=&#8220;no&#8220; text_align=&#8220;left&#8220; background_image_as_pattern=&#8220;without_pattern&#8220;][vc_column][vc_empty_space height=&#8220;52px&#8220;][\/vc_column][\/vc_row][vc_row css_animation=&#8220;&#8220; row_type=&#8220;row&#8220; use_row_as_full_screen_section=&#8220;no&#8220; type=&#8220;grid&#8220; angled_section=&#8220;no&#8220; text_align=&#8220;left&#8220; background_image_as_pattern=&#8220;without_pattern&#8220; el_class=&#8220;row-with-separator&#8220; z_index=&#8220;&#8220; css=&#8220;.vc_custom_1581427961147{margin-top: 0px !important;}&#8220;][vc_column css=&#8220;.vc_custom_1581416357792{margin-top: 0px !important;margin-right: 0px !important;margin-bottom: 0px !important;margin-left: 0px !important;padding-right: 0px !important;padding-left: 0px !important;}&#8220;][qode_elements_holder number_of_columns=&#8220;three_columns&#8220; switch_to_one_column=&#8220;768&#8243;][qode_elements_holder_item vertical_alignment=&#8220;top&#8220; advanced_animations=&#8220;no&#8220; background_image=&#8220;37&#8243; item_padding=&#8220;0% 5%&#8220; item_padding_1280_1440=&#8220;0% 5%&#8220; item_padding_1024_1280=&#8220;0% 5%&#8220; item_padding_768_1024=&#8220;0% 5%&#8220; item_padding_600_768=&#8220;0% 5%&#8220; item_padding_480_600=&#8220;2% 1%&#8220; item_padding_480=&#8220;2% 1%&#8220;][vc_column_text]<\/p>\n<h3 style=\"font-weight: 300; margin-left: 4%;\">[vc_separator type=&#8220;small&#8220; position=&#8220;left&#8220; color=&#8220;#c1d101&#8243; thickness=&#8220;2&#8243; width=&#8220;100&#8243; down=&#8220;15&#8243;]CW617N<\/h3>\n<p>[\/vc_column_text][vc_empty_space height=&#8220;39px&#8220;][vc_column_text]<\/p>\n<p style=\"margin-left: 4%; margin-right: 13%;\">Es geh\u00f6rt zur Familie der <strong>bleihaltigen Messinglegierungen<\/strong>. Blei wird zugesetzt, um die bei der Bearbeitung mit Werkzeugmaschinen entstehenden Sp\u00e4ne zu verk\u00fcrzen oder sogar zu pulverisieren, wodurch <strong>der Abrieb und die Erw\u00e4rmung der Werkzeuge verringert werden<\/strong>, um eine <strong>h\u00f6here Qualit\u00e4t der Bauteile<\/strong> und <strong>k\u00fcrzere Bearbeitungszeiten<\/strong> zu gew\u00e4hrleisten. Die von uns verwendete Legierung CW617N wird in \u00dcbereinstimmung mit der Richtlinie 2002\/95\/EG (RoHS) und dem Gesundheitsministerium DM 174 vom 6\/4\/2004 hergestellt.<\/p>\n<p>[\/vc_column_text][vc_empty_space height=&#8220;39px&#8220;][\/qode_elements_holder_item][qode_elements_holder_item vertical_alignment=&#8220;top&#8220; advanced_animations=&#8220;no&#8220; background_image=&#8220;37&#8243; item_padding=&#8220;0% 5%&#8220; item_padding_1280_1440=&#8220;0% 5%&#8220; item_padding_1024_1280=&#8220;0% 5%&#8220; item_padding_768_1024=&#8220;0% 5%&#8220; item_padding_600_768=&#8220;0% 5%&#8220; item_padding_480_600=&#8220;2% 1%&#8220; item_padding_480=&#8220;2% 1%&#8220;][vc_column_text]<\/p>\n<h3 style=\"font-weight: 300; margin-left: 4%;\">[vc_separator type=&#8220;small&#8220; position=&#8220;left&#8220; color=&#8220;#c1d101&#8243; thickness=&#8220;2&#8243; width=&#8220;100&#8243; down=&#8220;15&#8243;]CW602N<\/h3>\n<p>[\/vc_column_text][vc_empty_space height=&#8220;39px&#8220;][vc_column_text]<\/p>\n<p style=\"margin-left: 4%; margin-right: 13%;\">Eine <strong>entzinkungsbest\u00e4ndige Legierung<\/strong> <strong>mit hohem Kupfergehalt und Arsenanteil<\/strong>, die nach einer thermischen Solubilisierungsbehandlung der Beta-Phase eine <strong>sehr hohe Best\u00e4ndigkeit<\/strong> gegen den Kontakt mit <strong>aggressiven W\u00e4ssern<\/strong> gew\u00e4hrleistet.<\/p>\n<p>[\/vc_column_text][vc_empty_space height=&#8220;39px&#8220;][\/qode_elements_holder_item][qode_elements_holder_item vertical_alignment=&#8220;top&#8220; advanced_animations=&#8220;no&#8220; background_image=&#8220;37&#8243; item_padding=&#8220;0% 5%&#8220; item_padding_1280_1440=&#8220;0% 5%&#8220; item_padding_1024_1280=&#8220;0% 5%&#8220; item_padding_768_1024=&#8220;0% 5%&#8220; item_padding_600_768=&#8220;0% 5%&#8220; item_padding_480_600=&#8220;2% 1%&#8220; item_padding_480=&#8220;2% 1%&#8220;][vc_column_text]<\/p>\n<h3 style=\"font-weight: 300; margin-left: 4%;\">[vc_separator type=&#8220;small&#8220; position=&#8220;left&#8220; color=&#8220;#c1d101&#8243; thickness=&#8220;2&#8243; width=&#8220;100&#8243; down=&#8220;15&#8243;]CW724R (<a style=\"text-decoration: underline;\" href=\"https:\/\/moval-srl.it\/de\/ecobrass-das-nachhaltige-messing\/\">ECOBRASS<\/a>)<\/h3>\n<p>[\/vc_column_text][vc_empty_space height=&#8220;39px&#8220;][vc_column_text]<\/p>\n<p style=\"margin-left: 4%; margin-right: 13%;\">Das Hauptmerkmal dieser Legierung ist ihr <strong>Bleigehalt von weniger als 0,1 %<\/strong>, der durch das Silizium und Phosphor kompensiert wird, die die Anf\u00e4lligkeit f\u00fcr Entzinkung und Spannungsrisskorrosion verringern. Diese Legierung ist besonders geeignet f\u00fcr <strong>Materialien, die mit Wasser f\u00fcr den menschlichen Gebrauch (Trinkwasser) in Ber\u00fchrung kommen.<\/strong> Es handelt sich um ein sehr abrasives Material, das wir bei Moval mit modernen und hochfesten Werkzeugmaschinen bearbeiten.<\/p>\n<p>[\/vc_column_text][vc_empty_space height=&#8220;39px&#8220;][\/qode_elements_holder_item][\/qode_elements_holder][\/vc_column][\/vc_row][vc_row css_animation=&#8220;&#8220; row_type=&#8220;row&#8220; use_row_as_full_screen_section=&#8220;no&#8220; type=&#8220;full_width&#8220; angled_section=&#8220;no&#8220; text_align=&#8220;left&#8220; background_image_as_pattern=&#8220;without_pattern&#8220;][vc_column][vc_empty_space height=&#8220;52px&#8220;][\/vc_column][\/vc_row][vc_row css_animation=&#8220;&#8220; row_type=&#8220;row&#8220; use_row_as_full_screen_section=&#8220;no&#8220; type=&#8220;grid&#8220; angled_section=&#8220;no&#8220; text_align=&#8220;left&#8220; background_image_as_pattern=&#8220;without_pattern&#8220; el_class=&#8220;row-with-separator&#8220; z_index=&#8220;&#8220; css=&#8220;.vc_custom_1581427961147{margin-top: 0px !important;}&#8220;][vc_column css=&#8220;.vc_custom_1581416357792{margin-top: 0px !important;margin-right: 0px !important;margin-bottom: 0px !important;margin-left: 0px !important;padding-right: 0px !important;padding-left: 0px !important;}&#8220;][qode_elements_holder number_of_columns=&#8220;three_columns&#8220; switch_to_one_column=&#8220;768&#8243;][qode_elements_holder_item vertical_alignment=&#8220;top&#8220; advanced_animations=&#8220;no&#8220; background_image=&#8220;37&#8243; item_padding=&#8220;0% 5%&#8220; item_padding_1280_1440=&#8220;0% 5%&#8220; item_padding_1024_1280=&#8220;0% 5%&#8220; item_padding_768_1024=&#8220;0% 5%&#8220; item_padding_600_768=&#8220;0% 5%&#8220; item_padding_480_600=&#8220;2% 1%&#8220; item_padding_480=&#8220;2% 1%&#8220;][vc_column_text]<\/p>\n<h3 style=\"font-weight: 300; margin-left: 4%;\">[vc_separator type=&#8220;small&#8220; position=&#8220;left&#8220; color=&#8220;#c1d101&#8243; thickness=&#8220;2&#8243; width=&#8220;100&#8243; down=&#8220;15&#8243;]CW625N<\/h3>\n<p>[\/vc_column_text][vc_empty_space height=&#8220;39px&#8220;][vc_column_text]<\/p>\n<p style=\"margin-left: 4%; margin-right: 13%;\">Es handelt sich um eine <strong>entzinkungsbest\u00e4ndige Standardlegierung<\/strong>, die f\u00fcr die spanabhebende Bearbeitung optimiert ist und geringe Bleifreisetzungswerte aufweist. Zugelassen von 4MS, ist es in der &#8222;Positivliste&#8220; der metallischen Werkstoffe enthalten, <strong>die in Kontakt mit Trinkwasser verwendet werden k\u00f6nnen.<\/strong><\/p>\n<p>[\/vc_column_text][vc_empty_space height=&#8220;39px&#8220;][\/qode_elements_holder_item][qode_elements_holder_item vertical_alignment=&#8220;top&#8220; advanced_animations=&#8220;no&#8220; background_image=&#8220;37&#8243; item_padding=&#8220;0% 5%&#8220; item_padding_1280_1440=&#8220;0% 5%&#8220; item_padding_1024_1280=&#8220;0% 5%&#8220; item_padding_768_1024=&#8220;0% 5%&#8220; item_padding_600_768=&#8220;0% 5%&#8220; item_padding_480_600=&#8220;2% 1%&#8220; item_padding_480=&#8220;2% 1%&#8220;][vc_column_text]<\/p>\n<h3 style=\"font-weight: 300; margin-left: 4%;\">[vc_separator type=&#8220;small&#8220; position=&#8220;left&#8220; color=&#8220;#c1d101&#8243; thickness=&#8220;2&#8243; width=&#8220;100&#8243; down=&#8220;15&#8243;]CW626N<\/h3>\n<p>[\/vc_column_text][vc_empty_space height=&#8220;39px&#8220;][vc_column_text]<\/p>\n<p style=\"margin-left: 4%; margin-right: 13%;\">Entwickelt, um die <strong>Freisetzung von Blei bei Kontakt mit Wasser f\u00fcr den menschlichen Gebrauch zu minimieren.<\/strong> Das Arsen und das Aluminium verringern die Entzinkung und die Bleifreisetzung. Es handelt sich um eine Legierung, die sich durch <strong>eine gute hei\u00dfplastische Umformung<\/strong> auszeichnet.<\/p>\n<p>[\/vc_column_text][vc_empty_space height=&#8220;39px&#8220;][\/qode_elements_holder_item][qode_elements_holder_item vertical_alignment=&#8220;top&#8220; advanced_animations=&#8220;no&#8220; background_image=&#8220;37&#8243; item_padding=&#8220;0% 5%&#8220; item_padding_1280_1440=&#8220;0% 5%&#8220; item_padding_1024_1280=&#8220;0% 5%&#8220; item_padding_768_1024=&#8220;0% 5%&#8220; item_padding_600_768=&#8220;0% 5%&#8220; item_padding_480_600=&#8220;2% 1%&#8220; item_padding_480=&#8220;2% 1%&#8220;][vc_column_text]<\/p>\n<h3 style=\"font-weight: 300; margin-left: 4%;\">[vc_separator type=&#8220;small&#8220; position=&#8220;left&#8220; color=&#8220;#c1d101&#8243; thickness=&#8220;2&#8243; width=&#8220;100&#8243; down=&#8220;15&#8243;]CW510L<\/h3>\n<p>[\/vc_column_text][vc_empty_space height=&#8220;39px&#8220;][vc_column_text]<\/p>\n<p style=\"margin-left: 4%; margin-right: 13%;\">Ihr <strong>Bleigehalt<\/strong> betr\u00e4gt <strong>weniger als 0,2 %.<\/strong> Der geringe Bleigehalt erm\u00f6glicht die Verwendung dieser Messinglegierung in den USA, wo sie NSF372-zertifiziert ist.<\/p>\n<p>[\/vc_column_text][vc_empty_space height=&#8220;39px&#8220;][\/qode_elements_holder_item][\/qode_elements_holder][\/vc_column][\/vc_row][vc_row css_animation=&#8220;&#8220; row_type=&#8220;row&#8220; use_row_as_full_screen_section=&#8220;no&#8220; type=&#8220;full_width&#8220; angled_section=&#8220;no&#8220; text_align=&#8220;left&#8220; background_image_as_pattern=&#8220;without_pattern&#8220;][vc_column][vc_empty_space height=&#8220;72px&#8220;][\/vc_column][\/vc_row][vc_row css_animation=&#8220;&#8220; row_type=&#8220;row&#8220; use_row_as_full_screen_section=&#8220;no&#8220; type=&#8220;full_width&#8220; angled_section=&#8220;no&#8220; text_align=&#8220;left&#8220; background_image_as_pattern=&#8220;without_pattern&#8220;][vc_column]<div class=\"call_to_action normal\" style=\"background-color: #c1d101;padding-top: 35px;padding-bottom: 35px;\"><div class=\"container_inner\"><div class=\"two_columns_75_25 clearfix\"><div class=\"text_wrapper column1\"><div class=\"call_to_action_text  font_size_inherit font_weight_inherit\" style=\"font-size:16px;font-weight: 600;\">\n<p style=\"text-align: left; padding-right: 45px;\"><span style=\"color: #ffffff;\">Fordern Sie ein kostenloses Angebot an, wir werden gemeinsam Ihre Produktionsbed\u00fcrfnisse analysieren, so dass wir eine massgeschneiderte L\u00f6sung anbieten k\u00f6nnen.<\/span><\/p>\n<\/div><\/div><div class=\"button_wrapper column2\"><a itemprop=\"url\" href=\"https:\/\/moval-srl.it\/de\/angebot-anfragen\/\" class=\"qbutton white \" target=\"_self\" style=\"color: #191919;border-color: #ffffff;background-color: #ffffff;\"data-hover-background-color=#c1d101 data-hover-border-color=#ffffff data-hover-color=#ffffff>ANGEBOT ANFORDERN<\/a><\/div><\/div><\/div><\/div>[\/vc_column][\/vc_row]<\/p>\n<\/div>","protected":false},"excerpt":{"rendered":"<p>[vc_row css_animation=&#8220;&#8220; row_type=&#8220;row&#8220; use_row_as_full_screen_section=&#8220;no&#8220; type=&#8220;grid&#8220; angled_section=&#8220;no&#8220; text_align=&#8220;left&#8220; background_image_as_pattern=&#8220;without_pattern&#8220; el_class=&#8220;row-with-separator&#8220; z_index=&#8220;&#8220;][vc_column css=&#8220;.vc_custom_1516792023205{margin-top: 0px !important;margin-right: 0px !important;margin-bottom: 0px !important;margin-left: 0px !important;padding-right: 0px !important;padding-left: 0px !important;}&#8220;][vc_empty_space height=&#8220;72px&#8220;][qode_elements_holder number_of_columns=&#8220;two_columns&#8220; switch_to_one_column=&#8220;768&#8243;][qode_elements_holder_item vertical_alignment=&#8220;top&#8220; advanced_animations=&#8220;no&#8220; background_image=&#8220;37&#8243; item_padding=&#8220;0% 5%&#8220; item_padding_1280_1440=&#8220;0% 5%&#8220; item_padding_1024_1280=&#8220;0% 5%&#8220; item_padding_768_1024=&#8220;0% 5%&#8220; item_padding_600_768=&#8220;0% 5%&#8220; item_padding_480_600=&#8220;2% 1%&#8220; item_padding_480=&#8220;2% 1%&#8220;][vc_column_text] [vc_separator type=&#8220;small&#8220;&#8230;<\/p>\n","protected":false},"author":1,"featured_media":0,"parent":0,"menu_order":0,"comment_status":"closed","ping_status":"closed","template":"full_width.php","meta":{"footnotes":""},"yoast_head":"<!-- This site is optimized with the Yoast SEO plugin v24.0 - https:\/\/yoast.com\/wordpress\/plugins\/seo\/ -->\n<title>Tipologie di ottone trattate - Moval - Bespoke brass<\/title>\n<meta name=\"description\" content=\"Le diverse tipologie di ottone trattate\" \/>\n<meta name=\"robots\" content=\"noindex, nofollow\" \/>\n<meta property=\"og:locale\" content=\"de_DE\" \/>\n<meta property=\"og:type\" content=\"article\" \/>\n<meta property=\"og:title\" content=\"Tipologie di ottone trattate - Moval - Bespoke brass\" \/>\n<meta property=\"og:description\" content=\"Le diverse tipologie di ottone trattate\" \/>\n<meta property=\"og:url\" content=\"https:\/\/moval-srl.it\/de\/der-rohstoff\/\" \/>\n<meta property=\"og:site_name\" content=\"Moval - Bespoke brass\" \/>\n<meta property=\"article:modified_time\" content=\"2022-06-30T08:31:17+00:00\" \/>\n<meta name=\"twitter:card\" content=\"summary_large_image\" \/>\n<meta name=\"twitter:label1\" content=\"Gesch\u00e4tzte Lesezeit\" \/>\n\t<meta name=\"twitter:data1\" content=\"8\u00a0Minuten\" \/>\n<script type=\"application\/ld+json\" class=\"yoast-schema-graph\">{\"@context\":\"https:\/\/schema.org\",\"@graph\":[{\"@type\":\"WebPage\",\"@id\":\"https:\/\/moval-srl.it\/de\/der-rohstoff\/\",\"url\":\"https:\/\/moval-srl.it\/de\/der-rohstoff\/\",\"name\":\"Tipologie di ottone trattate - Moval - Bespoke brass\",\"isPartOf\":{\"@id\":\"https:\/\/moval-srl.it\/de\/#website\"},\"datePublished\":\"2021-11-11T12:10:59+00:00\",\"dateModified\":\"2022-06-30T08:31:17+00:00\",\"description\":\"Le diverse tipologie di ottone trattate\",\"breadcrumb\":{\"@id\":\"https:\/\/moval-srl.it\/de\/der-rohstoff\/#breadcrumb\"},\"inLanguage\":\"de\",\"potentialAction\":[{\"@type\":\"ReadAction\",\"target\":[\"https:\/\/moval-srl.it\/de\/der-rohstoff\/\"]}]},{\"@type\":\"BreadcrumbList\",\"@id\":\"https:\/\/moval-srl.it\/de\/der-rohstoff\/#breadcrumb\",\"itemListElement\":[{\"@type\":\"ListItem\",\"position\":1,\"name\":\"Home\",\"item\":\"https:\/\/moval-srl.it\/de\/\"},{\"@type\":\"ListItem\",\"position\":2,\"name\":\"Der Rohstoff:\"}]},{\"@type\":\"WebSite\",\"@id\":\"https:\/\/moval-srl.it\/de\/#website\",\"url\":\"https:\/\/moval-srl.it\/de\/\",\"name\":\"Moval - Bespoke brass\",\"description\":\"Componenti personalizzati in ottone\",\"publisher\":{\"@id\":\"https:\/\/moval-srl.it\/de\/#organization\"},\"potentialAction\":[{\"@type\":\"SearchAction\",\"target\":{\"@type\":\"EntryPoint\",\"urlTemplate\":\"https:\/\/moval-srl.it\/de\/?s={search_term_string}\"},\"query-input\":{\"@type\":\"PropertyValueSpecification\",\"valueRequired\":true,\"valueName\":\"search_term_string\"}}],\"inLanguage\":\"de\"},{\"@type\":\"Organization\",\"@id\":\"https:\/\/moval-srl.it\/de\/#organization\",\"name\":\"Moval srl - Stampaggio a caldo e lavorazione ottone\",\"url\":\"https:\/\/moval-srl.it\/de\/\",\"logo\":{\"@type\":\"ImageObject\",\"inLanguage\":\"de\",\"@id\":\"https:\/\/moval-srl.it\/de\/#\/schema\/logo\/image\/\",\"url\":\"https:\/\/moval-srl.it\/wp-content\/uploads\/2019\/12\/moval-brass-components.png\",\"contentUrl\":\"https:\/\/moval-srl.it\/wp-content\/uploads\/2019\/12\/moval-brass-components.png\",\"width\":220,\"height\":90,\"caption\":\"Moval srl - Stampaggio a caldo e lavorazione ottone\"},\"image\":{\"@id\":\"https:\/\/moval-srl.it\/de\/#\/schema\/logo\/image\/\"},\"sameAs\":[\"https:\/\/www.linkedin.com\/company\/moval-srl\/about\/\"]}]}<\/script>\n<!-- \/ Yoast SEO plugin. -->","yoast_head_json":{"title":"Tipologie di ottone trattate - Moval - Bespoke brass","description":"Le diverse tipologie di ottone trattate","robots":{"index":"noindex","follow":"nofollow"},"og_locale":"de_DE","og_type":"article","og_title":"Tipologie di ottone trattate - Moval - Bespoke brass","og_description":"Le diverse tipologie di ottone trattate","og_url":"https:\/\/moval-srl.it\/de\/der-rohstoff\/","og_site_name":"Moval - Bespoke brass","article_modified_time":"2022-06-30T08:31:17+00:00","twitter_card":"summary_large_image","twitter_misc":{"Gesch\u00e4tzte Lesezeit":"8\u00a0Minuten"},"schema":{"@context":"https:\/\/schema.org","@graph":[{"@type":"WebPage","@id":"https:\/\/moval-srl.it\/de\/der-rohstoff\/","url":"https:\/\/moval-srl.it\/de\/der-rohstoff\/","name":"Tipologie di ottone trattate - Moval - Bespoke brass","isPartOf":{"@id":"https:\/\/moval-srl.it\/de\/#website"},"datePublished":"2021-11-11T12:10:59+00:00","dateModified":"2022-06-30T08:31:17+00:00","description":"Le diverse tipologie di ottone trattate","breadcrumb":{"@id":"https:\/\/moval-srl.it\/de\/der-rohstoff\/#breadcrumb"},"inLanguage":"de","potentialAction":[{"@type":"ReadAction","target":["https:\/\/moval-srl.it\/de\/der-rohstoff\/"]}]},{"@type":"BreadcrumbList","@id":"https:\/\/moval-srl.it\/de\/der-rohstoff\/#breadcrumb","itemListElement":[{"@type":"ListItem","position":1,"name":"Home","item":"https:\/\/moval-srl.it\/de\/"},{"@type":"ListItem","position":2,"name":"Der Rohstoff:"}]},{"@type":"WebSite","@id":"https:\/\/moval-srl.it\/de\/#website","url":"https:\/\/moval-srl.it\/de\/","name":"Moval - Bespoke brass","description":"Componenti personalizzati in ottone","publisher":{"@id":"https:\/\/moval-srl.it\/de\/#organization"},"potentialAction":[{"@type":"SearchAction","target":{"@type":"EntryPoint","urlTemplate":"https:\/\/moval-srl.it\/de\/?s={search_term_string}"},"query-input":{"@type":"PropertyValueSpecification","valueRequired":true,"valueName":"search_term_string"}}],"inLanguage":"de"},{"@type":"Organization","@id":"https:\/\/moval-srl.it\/de\/#organization","name":"Moval srl - Stampaggio a caldo e lavorazione ottone","url":"https:\/\/moval-srl.it\/de\/","logo":{"@type":"ImageObject","inLanguage":"de","@id":"https:\/\/moval-srl.it\/de\/#\/schema\/logo\/image\/","url":"https:\/\/moval-srl.it\/wp-content\/uploads\/2019\/12\/moval-brass-components.png","contentUrl":"https:\/\/moval-srl.it\/wp-content\/uploads\/2019\/12\/moval-brass-components.png","width":220,"height":90,"caption":"Moval srl - Stampaggio a caldo e lavorazione ottone"},"image":{"@id":"https:\/\/moval-srl.it\/de\/#\/schema\/logo\/image\/"},"sameAs":["https:\/\/www.linkedin.com\/company\/moval-srl\/about\/"]}]}},"_links":{"self":[{"href":"https:\/\/moval-srl.it\/de\/wp-json\/wp\/v2\/pages\/3141"}],"collection":[{"href":"https:\/\/moval-srl.it\/de\/wp-json\/wp\/v2\/pages"}],"about":[{"href":"https:\/\/moval-srl.it\/de\/wp-json\/wp\/v2\/types\/page"}],"author":[{"embeddable":true,"href":"https:\/\/moval-srl.it\/de\/wp-json\/wp\/v2\/users\/1"}],"replies":[{"embeddable":true,"href":"https:\/\/moval-srl.it\/de\/wp-json\/wp\/v2\/comments?post=3141"}],"version-history":[{"count":9,"href":"https:\/\/moval-srl.it\/de\/wp-json\/wp\/v2\/pages\/3141\/revisions"}],"predecessor-version":[{"id":3171,"href":"https:\/\/moval-srl.it\/de\/wp-json\/wp\/v2\/pages\/3141\/revisions\/3171"}],"wp:attachment":[{"href":"https:\/\/moval-srl.it\/de\/wp-json\/wp\/v2\/media?parent=3141"}],"curies":[{"name":"wp","href":"https:\/\/api.w.org\/{rel}","templated":true}]}}